{"id":1287,"date":"2022-01-10T14:38:42","date_gmt":"2022-01-10T14:38:42","guid":{"rendered":"https:\/\/hveravellir.is\/gamli-skalinn\/"},"modified":"2026-03-08T15:10:11","modified_gmt":"2026-03-08T15:10:11","slug":"gamli-skalinn","status":"publish","type":"page","link":"https:\/\/hveravellir.is\/is\/gamli-skalinn\/","title":{"rendered":"GAMLI SK\u00c1LINN"},"content":{"rendered":"\t\t<div data-elementor-type=\"wp-page\" data-elementor-id=\"1287\" class=\"elementor elementor-1287 elementor-438\" data-elementor-post-type=\"page\">\n\t\t\t\t\t\t<section class=\"elementor-section elementor-top-section elementor-element elementor-element-1cc2bc08 elementor-section-content-top ct-section-stretched elementor-section-boxed elementor-section-height-default elementor-section-height-default\" data-id=\"1cc2bc08\" data-element_type=\"section\" data-e-type=\"section\">\n\t\t\t\t\t\t<div class=\"elementor-container elementor-column-gap-no\">\n\t\t\t\t\t<div class=\"elementor-column elementor-col-50 elementor-top-column elementor-element elementor-element-4d3a3213\" data-id=\"4d3a3213\" data-element_type=\"column\" data-e-type=\"column\">\n\t\t\t<div class=\"elementor-widget-wrap elementor-element-populated\">\n\t\t\t\t\t\t<div class=\"elementor-element elementor-element-5c2f2cbc elementor-widget elementor-widget-heading\" data-id=\"5c2f2cbc\" data-element_type=\"widget\" data-e-type=\"widget\" data-widget_type=\"heading.default\">\n\t\t\t\t<div class=\"elementor-widget-container\">\n\t\t\t\t\t<h2 class=\"elementor-heading-title elementor-size-default\">Ver\u00f0: Kr 10.900 n\u00f3ttin \u00e1 mann.<\/h2>\t\t\t\t<\/div>\n\t\t\t\t<\/div>\n\t\t\t\t<div class=\"elementor-element elementor-element-341c6839 elementor-widget elementor-widget-image\" data-id=\"341c6839\" data-element_type=\"widget\" data-e-type=\"widget\" data-widget_type=\"image.default\">\n\t\t\t\t<div class=\"elementor-widget-container\">\n\t\t\t\t\t\t\t\t\t\t\t\t\t\t\t<img fetchpriority=\"high\" decoding=\"async\" width=\"1024\" height=\"768\" src=\"https:\/\/hveravellir.is\/wp-content\/uploads\/2022\/01\/IMG_1811-1024x768-1.jpg\" class=\"attachment-full size-full wp-image-1124\" alt=\"\" srcset=\"https:\/\/hveravellir.is\/wp-content\/uploads\/2022\/01\/IMG_1811-1024x768-1.jpg 1024w, https:\/\/hveravellir.is\/wp-content\/uploads\/2022\/01\/IMG_1811-1024x768-1-300x225.jpg 300w, https:\/\/hveravellir.is\/wp-content\/uploads\/2022\/01\/IMG_1811-1024x768-1-768x576.jpg 768w\" sizes=\"(max-width: 1024px) 100vw, 1024px\" \/>\t\t\t\t\t\t\t\t\t\t\t\t\t\t\t<\/div>\n\t\t\t\t<\/div>\n\t\t\t\t\t<\/div>\n\t\t<\/div>\n\t\t\t\t<div class=\"elementor-column elementor-col-50 elementor-top-column elementor-element elementor-element-5655c5\" data-id=\"5655c5\" data-element_type=\"column\" data-e-type=\"column\">\n\t\t\t<div class=\"elementor-widget-wrap elementor-element-populated\">\n\t\t\t\t\t\t<div class=\"elementor-element elementor-element-4510d42f elementor-widget__width-initial elementor-widget elementor-widget-text-editor\" data-id=\"4510d42f\" data-element_type=\"widget\" data-e-type=\"widget\" data-widget_type=\"text-editor.default\">\n\t\t\t\t<div class=\"elementor-widget-container\">\n\t\t\t\t\t\t\t\t\t<p><strong>\u00cd Gamla Sk\u00e1la <\/strong>eru \u00ferj\u00fa misst\u00f3r svefnr\u00fdmi.<\/p><p>St\u00f3ra herbergi\u00f0 r\u00famar 10 manns \u00ed einbrei\u00f0um og tv\u00edbrei\u00f0um r\u00famum.<\/p><p>Litla herbergi\u00f0 r\u00famar \u00e1tta manns \u00ed einbrei\u00f0um kojum<\/p><p>Svefnlofti\u00f0 r\u00famar t\u00f3lf manns \u00ed flats\u00e6ng.<\/p><p>\u00cd Gamla Sk\u00e1la er sameiginleg eldunara\u00f0sta\u00f0a fyrir gesti sk\u00e1lans. Salerni er \u00ed sk\u00e1lanum.<\/p><p>Gestum Gamla Sk\u00e1la er velkomi\u00f0 a\u00f0 nota laugina sem er vi\u00f0 hli\u00f0 sk\u00e1lans. Einnig er \u00feeim velkomi\u00f0 a\u00f0 nota sturtur vi\u00f0 tjaldsv\u00e6\u00f0i.<\/p><p><strong>Aukalega \u00ed bo\u00f0i:<\/strong><br \/>Upp\u00e1b\u00fai\u00f0 r\u00fam Kr 2400 \u00e1 mann<br \/>Morgunver\u00f0ur Kr 3200 \u00e1 mann<\/p>\t\t\t\t\t\t\t\t<\/div>\n\t\t\t\t<\/div>\n\t\t\t\t\t<\/div>\n\t\t<\/div>\n\t\t\t\t\t<\/div>\n\t\t<\/section>\n\t\t\t\t<section class=\"elementor-section elementor-top-section elementor-element elementor-element-76ac7256 elementor-section-boxed elementor-section-height-default elementor-section-height-default\" data-id=\"76ac7256\" data-element_type=\"section\" data-e-type=\"section\">\n\t\t\t\t\t\t<div class=\"elementor-container elementor-column-gap-default\">\n\t\t\t\t\t<div class=\"elementor-column elementor-col-100 elementor-top-column elementor-element elementor-element-5c33e406\" data-id=\"5c33e406\" data-element_type=\"column\" data-e-type=\"column\">\n\t\t\t<div class=\"elementor-widget-wrap elementor-element-populated\">\n\t\t\t\t\t\t<div class=\"elementor-element elementor-element-40da39ea elementor-widget elementor-widget-gallery\" data-id=\"40da39ea\" data-element_type=\"widget\" data-e-type=\"widget\" data-settings=\"{&quot;columns&quot;:5,&quot;lazyload&quot;:&quot;yes&quot;,&quot;gallery_layout&quot;:&quot;grid&quot;,&quot;columns_tablet&quot;:2,&quot;columns_mobile&quot;:1,&quot;gap&quot;:{&quot;unit&quot;:&quot;px&quot;,&quot;size&quot;:10,&quot;sizes&quot;:[]},&quot;gap_tablet&quot;:{&quot;unit&quot;:&quot;px&quot;,&quot;size&quot;:10,&quot;sizes&quot;:[]},&quot;gap_mobile&quot;:{&quot;unit&quot;:&quot;px&quot;,&quot;size&quot;:10,&quot;sizes&quot;:[]},&quot;link_to&quot;:&quot;file&quot;,&quot;aspect_ratio&quot;:&quot;3:2&quot;,&quot;overlay_background&quot;:&quot;yes&quot;,&quot;content_hover_animation&quot;:&quot;fade-in&quot;}\" data-widget_type=\"gallery.default\">\n\t\t\t\t<div class=\"elementor-widget-container\">\n\t\t\t\t\t\t\t<div class=\"elementor-gallery__container\">\n\t\t\t\t\t\t\t<a class=\"e-gallery-item elementor-gallery-item elementor-animated-content\" href=\"https:\/\/hveravellir.is\/wp-content\/uploads\/2022\/01\/Hveravellir-Nature-Reserve-8-1024x682-1.jpg\" data-elementor-open-lightbox=\"yes\" data-elementor-lightbox-slideshow=\"40da39ea\" data-elementor-lightbox-title=\"Hveravellir-Nature-Reserve-8-1024x682\" data-e-action-hash=\"#elementor-action%3Aaction%3Dlightbox%26settings%3DeyJpZCI6MTE0NSwidXJsIjoiaHR0cHM6XC9cL2h2ZXJhdmVsbGlyLmlzXC93cC1jb250ZW50XC91cGxvYWRzXC8yMDIyXC8wMVwvSHZlcmF2ZWxsaXItTmF0dXJlLVJlc2VydmUtOC0xMDI0eDY4Mi0xLmpwZyIsInNsaWRlc2hvdyI6IjQwZGEzOWVhIn0%3D\">\n\t\t\t\t\t<div class=\"e-gallery-image elementor-gallery-item__image\" data-thumbnail=\"https:\/\/hveravellir.is\/wp-content\/uploads\/2022\/01\/Hveravellir-Nature-Reserve-8-1024x682-1.jpg\" data-width=\"1024\" data-height=\"682\" aria-label=\"\" role=\"img\" ><\/div>\n\t\t\t\t\t\t\t\t\t\t\t<div class=\"elementor-gallery-item__overlay\"><\/div>\n\t\t\t\t\t\t\t\t\t\t\t\t\t\t<\/a>\n\t\t\t\t\t\t\t<a class=\"e-gallery-item elementor-gallery-item elementor-animated-content\" href=\"https:\/\/hveravellir.is\/wp-content\/uploads\/2022\/01\/Hveravellir-Nature-Reserve-13-1024x681-1.jpg\" data-elementor-open-lightbox=\"yes\" data-elementor-lightbox-slideshow=\"40da39ea\" data-elementor-lightbox-title=\"Hveravellir-Nature-Reserve-13-1024x681\" data-e-action-hash=\"#elementor-action%3Aaction%3Dlightbox%26settings%3DeyJpZCI6MTE0NiwidXJsIjoiaHR0cHM6XC9cL2h2ZXJhdmVsbGlyLmlzXC93cC1jb250ZW50XC91cGxvYWRzXC8yMDIyXC8wMVwvSHZlcmF2ZWxsaXItTmF0dXJlLVJlc2VydmUtMTMtMTAyNHg2ODEtMS5qcGciLCJzbGlkZXNob3ciOiI0MGRhMzllYSJ9\">\n\t\t\t\t\t<div class=\"e-gallery-image elementor-gallery-item__image\" data-thumbnail=\"https:\/\/hveravellir.is\/wp-content\/uploads\/2022\/01\/Hveravellir-Nature-Reserve-13-1024x681-1.jpg\" data-width=\"1024\" data-height=\"681\" aria-label=\"\" role=\"img\" ><\/div>\n\t\t\t\t\t\t\t\t\t\t\t<div class=\"elementor-gallery-item__overlay\"><\/div>\n\t\t\t\t\t\t\t\t\t\t\t\t\t\t<\/a>\n\t\t\t\t\t\t\t<a class=\"e-gallery-item elementor-gallery-item elementor-animated-content\" href=\"https:\/\/hveravellir.is\/wp-content\/uploads\/2022\/01\/Hveravellir-Nature-Reserve-12b-2-1024x631-1.jpg\" data-elementor-open-lightbox=\"yes\" data-elementor-lightbox-slideshow=\"40da39ea\" data-elementor-lightbox-title=\"Hveravellir-Nature-Reserve-12b-2-1024x631\" data-e-action-hash=\"#elementor-action%3Aaction%3Dlightbox%26settings%3DeyJpZCI6MTE0NywidXJsIjoiaHR0cHM6XC9cL2h2ZXJhdmVsbGlyLmlzXC93cC1jb250ZW50XC91cGxvYWRzXC8yMDIyXC8wMVwvSHZlcmF2ZWxsaXItTmF0dXJlLVJlc2VydmUtMTJiLTItMTAyNHg2MzEtMS5qcGciLCJzbGlkZXNob3ciOiI0MGRhMzllYSJ9\">\n\t\t\t\t\t<div class=\"e-gallery-image elementor-gallery-item__image\" data-thumbnail=\"https:\/\/hveravellir.is\/wp-content\/uploads\/2022\/01\/Hveravellir-Nature-Reserve-12b-2-1024x631-1.jpg\" data-width=\"1024\" data-height=\"631\" aria-label=\"\" role=\"img\" ><\/div>\n\t\t\t\t\t\t\t\t\t\t\t<div class=\"elementor-gallery-item__overlay\"><\/div>\n\t\t\t\t\t\t\t\t\t\t\t\t\t\t<\/a>\n\t\t\t\t\t\t\t<a class=\"e-gallery-item elementor-gallery-item elementor-animated-content\" href=\"https:\/\/hveravellir.is\/wp-content\/uploads\/2022\/01\/Hveravellir-Nature-Reserve-3b-2-1024x610-1.jpg\" data-elementor-open-lightbox=\"yes\" data-elementor-lightbox-slideshow=\"40da39ea\" data-elementor-lightbox-title=\"Hveravellir-Nature-Reserve-3b-2-1024x610\" data-e-action-hash=\"#elementor-action%3Aaction%3Dlightbox%26settings%3DeyJpZCI6MTE0OCwidXJsIjoiaHR0cHM6XC9cL2h2ZXJhdmVsbGlyLmlzXC93cC1jb250ZW50XC91cGxvYWRzXC8yMDIyXC8wMVwvSHZlcmF2ZWxsaXItTmF0dXJlLVJlc2VydmUtM2ItMi0xMDI0eDYxMC0xLmpwZyIsInNsaWRlc2hvdyI6IjQwZGEzOWVhIn0%3D\">\n\t\t\t\t\t<div class=\"e-gallery-image elementor-gallery-item__image\" data-thumbnail=\"https:\/\/hveravellir.is\/wp-content\/uploads\/2022\/01\/Hveravellir-Nature-Reserve-3b-2-1024x610-1.jpg\" data-width=\"1024\" data-height=\"610\" aria-label=\"\" role=\"img\" ><\/div>\n\t\t\t\t\t\t\t\t\t\t\t<div class=\"elementor-gallery-item__overlay\"><\/div>\n\t\t\t\t\t\t\t\t\t\t\t\t\t\t<\/a>\n\t\t\t\t\t\t\t<a class=\"e-gallery-item elementor-gallery-item elementor-animated-content\" href=\"https:\/\/hveravellir.is\/wp-content\/uploads\/2022\/01\/IMG_1811-1024x768-2.jpg\" data-elementor-open-lightbox=\"yes\" data-elementor-lightbox-slideshow=\"40da39ea\" data-elementor-lightbox-title=\"IMG_1811-1024x768-2\" data-e-action-hash=\"#elementor-action%3Aaction%3Dlightbox%26settings%3DeyJpZCI6MTE0OSwidXJsIjoiaHR0cHM6XC9cL2h2ZXJhdmVsbGlyLmlzXC93cC1jb250ZW50XC91cGxvYWRzXC8yMDIyXC8wMVwvSU1HXzE4MTEtMTAyNHg3NjgtMi5qcGciLCJzbGlkZXNob3ciOiI0MGRhMzllYSJ9\">\n\t\t\t\t\t<div class=\"e-gallery-image elementor-gallery-item__image\" data-thumbnail=\"https:\/\/hveravellir.is\/wp-content\/uploads\/2022\/01\/IMG_1811-1024x768-2.jpg\" data-width=\"1024\" data-height=\"768\" aria-label=\"\" role=\"img\" ><\/div>\n\t\t\t\t\t\t\t\t\t\t\t<div class=\"elementor-gallery-item__overlay\"><\/div>\n\t\t\t\t\t\t\t\t\t\t\t\t\t\t<\/a>\n\t\t\t\t\t\t\t<a class=\"e-gallery-item elementor-gallery-item elementor-animated-content\" href=\"https:\/\/hveravellir.is\/wp-content\/uploads\/2022\/01\/old_hut9-768x1024-1.jpg\" data-elementor-open-lightbox=\"yes\" data-elementor-lightbox-slideshow=\"40da39ea\" data-elementor-lightbox-title=\"old_hut9-768x1024\" data-e-action-hash=\"#elementor-action%3Aaction%3Dlightbox%26settings%3DeyJpZCI6MTE1MCwidXJsIjoiaHR0cHM6XC9cL2h2ZXJhdmVsbGlyLmlzXC93cC1jb250ZW50XC91cGxvYWRzXC8yMDIyXC8wMVwvb2xkX2h1dDktNzY4eDEwMjQtMS5qcGciLCJzbGlkZXNob3ciOiI0MGRhMzllYSJ9\">\n\t\t\t\t\t<div class=\"e-gallery-image elementor-gallery-item__image\" data-thumbnail=\"https:\/\/hveravellir.is\/wp-content\/uploads\/2022\/01\/old_hut9-768x1024-1.jpg\" data-width=\"768\" data-height=\"1024\" aria-label=\"\" role=\"img\" ><\/div>\n\t\t\t\t\t\t\t\t\t\t\t<div class=\"elementor-gallery-item__overlay\"><\/div>\n\t\t\t\t\t\t\t\t\t\t\t\t\t\t<\/a>\n\t\t\t\t\t\t\t<a class=\"e-gallery-item elementor-gallery-item elementor-animated-content\" href=\"https:\/\/hveravellir.is\/wp-content\/uploads\/2022\/01\/old_hut10-1024x768-1.jpg\" data-elementor-open-lightbox=\"yes\" data-elementor-lightbox-slideshow=\"40da39ea\" data-elementor-lightbox-title=\"old_hut10-1024x768\" data-e-action-hash=\"#elementor-action%3Aaction%3Dlightbox%26settings%3DeyJpZCI6MTE1MSwidXJsIjoiaHR0cHM6XC9cL2h2ZXJhdmVsbGlyLmlzXC93cC1jb250ZW50XC91cGxvYWRzXC8yMDIyXC8wMVwvb2xkX2h1dDEwLTEwMjR4NzY4LTEuanBnIiwic2xpZGVzaG93IjoiNDBkYTM5ZWEifQ%3D%3D\">\n\t\t\t\t\t<div class=\"e-gallery-image elementor-gallery-item__image\" data-thumbnail=\"https:\/\/hveravellir.is\/wp-content\/uploads\/2022\/01\/old_hut10-1024x768-1.jpg\" data-width=\"1024\" data-height=\"768\" aria-label=\"\" role=\"img\" ><\/div>\n\t\t\t\t\t\t\t\t\t\t\t<div class=\"elementor-gallery-item__overlay\"><\/div>\n\t\t\t\t\t\t\t\t\t\t\t\t\t\t<\/a>\n\t\t\t\t\t\t\t<a class=\"e-gallery-item elementor-gallery-item elementor-animated-content\" href=\"https:\/\/hveravellir.is\/wp-content\/uploads\/2022\/01\/old_hut11-1024x768-1.jpg\" data-elementor-open-lightbox=\"yes\" data-elementor-lightbox-slideshow=\"40da39ea\" data-elementor-lightbox-title=\"old_hut11-1024x768\" data-e-action-hash=\"#elementor-action%3Aaction%3Dlightbox%26settings%3DeyJpZCI6MTE1MiwidXJsIjoiaHR0cHM6XC9cL2h2ZXJhdmVsbGlyLmlzXC93cC1jb250ZW50XC91cGxvYWRzXC8yMDIyXC8wMVwvb2xkX2h1dDExLTEwMjR4NzY4LTEuanBnIiwic2xpZGVzaG93IjoiNDBkYTM5ZWEifQ%3D%3D\">\n\t\t\t\t\t<div class=\"e-gallery-image elementor-gallery-item__image\" data-thumbnail=\"https:\/\/hveravellir.is\/wp-content\/uploads\/2022\/01\/old_hut11-1024x768-1.jpg\" data-width=\"1024\" data-height=\"768\" aria-label=\"\" role=\"img\" ><\/div>\n\t\t\t\t\t\t\t\t\t\t\t<div class=\"elementor-gallery-item__overlay\"><\/div>\n\t\t\t\t\t\t\t\t\t\t\t\t\t\t<\/a>\n\t\t\t\t\t<\/div>\n\t\t\t\t\t<\/div>\n\t\t\t\t<\/div>\n\t\t\t\t\t<\/div>\n\t\t<\/div>\n\t\t\t\t\t<\/div>\n\t\t<\/section>\n\t\t\t\t<section class=\"elementor-section elementor-top-section elementor-element elementor-element-64a44b2c ct-section-stretched elementor-section-boxed elementor-section-height-default elementor-section-height-default\" data-id=\"64a44b2c\" data-element_type=\"section\" data-e-type=\"section\" id=\"footer\" data-settings=\"{&quot;background_background&quot;:&quot;classic&quot;}\">\n\t\t\t\t\t\t<div class=\"elementor-container elementor-column-gap-default\">\n\t\t\t\t\t<div class=\"elementor-column elementor-col-100 elementor-top-column elementor-element elementor-element-3eade991\" data-id=\"3eade991\" data-element_type=\"column\" data-e-type=\"column\">\n\t\t\t<div class=\"elementor-widget-wrap elementor-element-populated\">\n\t\t\t\t\t\t<div class=\"elementor-element elementor-element-374aa150 elementor-widget elementor-widget-heading\" data-id=\"374aa150\" data-element_type=\"widget\" data-e-type=\"widget\" data-widget_type=\"heading.default\">\n\t\t\t\t<div class=\"elementor-widget-container\">\n\t\t\t\t\t<h2 class=\"elementor-heading-title elementor-size-default\">Request a booking for the Old Hut\n<\/h2>\t\t\t\t<\/div>\n\t\t\t\t<\/div>\n\t\t\t\t<div class=\"elementor-element elementor-element-47ee335d elementor-button-align-center elementor-mobile-button-align-stretch elementor-widget elementor-widget-form\" data-id=\"47ee335d\" data-element_type=\"widget\" data-e-type=\"widget\" data-settings=\"{&quot;step_next_label&quot;:&quot;Next&quot;,&quot;step_previous_label&quot;:&quot;Previous&quot;,&quot;button_width&quot;:&quot;100&quot;,&quot;step_type&quot;:&quot;number_text&quot;,&quot;step_icon_shape&quot;:&quot;circle&quot;}\" data-widget_type=\"form.default\">\n\t\t\t\t<div class=\"elementor-widget-container\">\n\t\t\t\t\t\t\t<form class=\"elementor-form\" method=\"post\" name=\"The Old Hut Booking IS\" aria-label=\"The Old Hut Booking IS\">\n\t\t\t<input type=\"hidden\" name=\"post_id\" value=\"1287\"\/>\n\t\t\t<input type=\"hidden\" name=\"form_id\" value=\"47ee335d\"\/>\n\t\t\t<input type=\"hidden\" name=\"referer_title\" value=\"GAMLI SK\u00c1LINN - Natural Hot Springs &amp; Accomodation on Kj\u00f6lur route \/ Road 35 \u200b\" \/>\n\n\t\t\t\t\t\t\t<input type=\"hidden\" name=\"queried_id\" value=\"1287\"\/>\n\t\t\t\n\t\t\t<div class=\"elementor-form-fields-wrapper elementor-labels-above\">\n\t\t\t\t\t\t\t\t<div class=\"elementor-field-type-text elementor-field-group elementor-column elementor-field-group-name elementor-col-33 elementor-md-50 elementor-field-required elementor-mark-required\">\n\t\t\t\t\t\t\t\t\t\t\t\t<label for=\"form-field-name\" class=\"elementor-field-label\">\n\t\t\t\t\t\t\t\tYour Name\t\t\t\t\t\t\t<\/label>\n\t\t\t\t\t\t\t\t\t\t\t\t\t\t<input size=\"1\" type=\"text\" name=\"form_fields[name]\" id=\"form-field-name\" class=\"elementor-field elementor-size-lg  elementor-field-textual\" required=\"required\">\n\t\t\t\t\t\t\t\t\t\t\t<\/div>\n\t\t\t\t\t\t\t\t<div class=\"elementor-field-type-tel elementor-field-group elementor-column elementor-field-group-field_0fbfb8e elementor-col-33 elementor-md-50 elementor-field-required elementor-mark-required\">\n\t\t\t\t\t\t\t\t\t\t\t\t<label for=\"form-field-field_0fbfb8e\" class=\"elementor-field-label\">\n\t\t\t\t\t\t\t\tYour phone\t\t\t\t\t\t\t<\/label>\n\t\t\t\t\t\t\t\t<input size=\"1\" type=\"tel\" name=\"form_fields[field_0fbfb8e]\" id=\"form-field-field_0fbfb8e\" class=\"elementor-field elementor-size-lg  elementor-field-textual\" required=\"required\" pattern=\"[0-9()#&amp;+*-=.]+\" title=\"Only numbers and phone characters (#, -, *, etc) are accepted.\">\n\n\t\t\t\t\t\t<\/div>\n\t\t\t\t\t\t\t\t<div class=\"elementor-field-type-email elementor-field-group elementor-column elementor-field-group-email elementor-col-33 elementor-md-100 elementor-field-required elementor-mark-required\">\n\t\t\t\t\t\t\t\t\t\t\t\t<label for=\"form-field-email\" class=\"elementor-field-label\">\n\t\t\t\t\t\t\t\tYour Email\t\t\t\t\t\t\t<\/label>\n\t\t\t\t\t\t\t\t\t\t\t\t\t\t<input size=\"1\" type=\"email\" name=\"form_fields[email]\" id=\"form-field-email\" class=\"elementor-field elementor-size-lg  elementor-field-textual\" required=\"required\">\n\t\t\t\t\t\t\t\t\t\t\t<\/div>\n\t\t\t\t\t\t\t\t<div class=\"elementor-field-type-date elementor-field-group elementor-column elementor-field-group-field_b0fe699 elementor-col-50 elementor-field-required elementor-mark-required\">\n\t\t\t\t\t\t\t\t\t\t\t\t<label for=\"form-field-field_b0fe699\" class=\"elementor-field-label\">\n\t\t\t\t\t\t\t\tArrival Date\t\t\t\t\t\t\t<\/label>\n\t\t\t\t\t\t\n\t\t<input type=\"date\" name=\"form_fields[field_b0fe699]\" id=\"form-field-field_b0fe699\" class=\"elementor-field elementor-size-lg  elementor-field-textual elementor-date-field\" placeholder=\"click to select a date\" required=\"required\" pattern=\"[0-9]{4}-[0-9]{2}-[0-9]{2}\">\n\t\t\t\t\t\t<\/div>\n\t\t\t\t\t\t\t\t<div class=\"elementor-field-type-date elementor-field-group elementor-column elementor-field-group-field_a532e6f elementor-col-50 elementor-field-required elementor-mark-required\">\n\t\t\t\t\t\t\t\t\t\t\t\t<label for=\"form-field-field_a532e6f\" class=\"elementor-field-label\">\n\t\t\t\t\t\t\t\tDeparture Date\t\t\t\t\t\t\t<\/label>\n\t\t\t\t\t\t\n\t\t<input type=\"date\" name=\"form_fields[field_a532e6f]\" id=\"form-field-field_a532e6f\" class=\"elementor-field elementor-size-lg  elementor-field-textual elementor-date-field\" placeholder=\"click to select a date\" required=\"required\" pattern=\"[0-9]{4}-[0-9]{2}-[0-9]{2}\">\n\t\t\t\t\t\t<\/div>\n\t\t\t\t\t\t\t\t<div class=\"elementor-field-type-number elementor-field-group elementor-column elementor-field-group-field_4cfa776 elementor-col-100 elementor-field-required elementor-mark-required\">\n\t\t\t\t\t\t\t\t\t\t\t\t<label for=\"form-field-field_4cfa776\" class=\"elementor-field-label\">\n\t\t\t\t\t\t\t\tNumber of guests\t\t\t\t\t\t\t<\/label>\n\t\t\t\t\t\t\t\t\t<input type=\"number\" name=\"form_fields[field_4cfa776]\" id=\"form-field-field_4cfa776\" class=\"elementor-field elementor-size-lg  elementor-field-textual\" required=\"required\" min=\"1\" max=\"20\" >\n\t\t\t\t\t\t<\/div>\n\t\t\t\t\t\t\t\t<div class=\"elementor-field-type-textarea elementor-field-group elementor-column elementor-field-group-message elementor-col-100\">\n\t\t\t\t\t\t\t\t\t\t\t\t<label for=\"form-field-message\" class=\"elementor-field-label\">\n\t\t\t\t\t\t\t\tComments\t\t\t\t\t\t\t<\/label>\n\t\t\t\t\t\t<textarea class=\"elementor-field-textual elementor-field  elementor-size-lg\" name=\"form_fields[message]\" id=\"form-field-message\" rows=\"4\" placeholder=\"Write a message\"><\/textarea>\t\t\t\t<\/div>\n\t\t\t\t\t\t\t\t<div class=\"elementor-field-group elementor-column elementor-field-type-submit elementor-col-100 e-form__buttons\">\n\t\t\t\t\t<button class=\"elementor-button elementor-size-sm\" type=\"submit\">\n\t\t\t\t\t\t<span class=\"elementor-button-content-wrapper\">\n\t\t\t\t\t\t\t\t\t\t\t\t\t\t\t\t\t\t\t\t\t\t<span class=\"elementor-button-text\">Send<\/span>\n\t\t\t\t\t\t\t\t\t\t\t\t\t<\/span>\n\t\t\t\t\t<\/button>\n\t\t\t\t<\/div>\n\t\t\t<\/div>\n\t\t<\/form>\n\t\t\t\t\t\t<\/div>\n\t\t\t\t<\/div>\n\t\t\t\t<div class=\"elementor-element elementor-element-2fcae93f elementor-widget elementor-widget-spacer\" data-id=\"2fcae93f\" data-element_type=\"widget\" data-e-type=\"widget\" data-widget_type=\"spacer.default\">\n\t\t\t\t<div class=\"elementor-widget-container\">\n\t\t\t\t\t\t\t<div class=\"elementor-spacer\">\n\t\t\t<div class=\"elementor-spacer-inner\"><\/div>\n\t\t<\/div>\n\t\t\t\t\t\t<\/div>\n\t\t\t\t<\/div>\n\t\t\t\t\t<\/div>\n\t\t<\/div>\n\t\t\t\t\t<\/div>\n\t\t<\/section>\n\t\t\t\t<\/div>\n\t\t","protected":false},"excerpt":{"rendered":"<p>Ver\u00f0: Kr 10.900 n\u00f3ttin \u00e1 mann. \u00cd Gamla Sk\u00e1la eru \u00ferj\u00fa misst\u00f3r svefnr\u00fdmi. St\u00f3ra herbergi\u00f0 r\u00famar 10 manns \u00ed einbrei\u00f0um og tv\u00edbrei\u00f0um r\u00famum. Litla herbergi\u00f0 r\u00famar \u00e1tta manns \u00ed einbrei\u00f0um kojum Svefnlofti\u00f0 r\u00famar t\u00f3lf manns \u00ed flats\u00e6ng. \u00cd Gamla Sk\u00e1la er sameiginleg eldunara\u00f0sta\u00f0a fyrir gesti sk\u00e1lans. Salerni er \u00ed sk\u00e1lanum. Gestum Gamla Sk\u00e1la er velkomi\u00f0 [&hellip;]<\/p>\n","protected":false},"author":1,"featured_media":0,"parent":0,"menu_order":0,"comment_status":"closed","ping_status":"closed","template":"","meta":{"footnotes":""},"class_list":["post-1287","page","type-page","status-publish","hentry"],"blocksy_meta":{"styles_descriptor":{"styles":{"desktop":"","tablet":"","mobile":""},"google_fonts":[],"version":6}},"_links":{"self":[{"href":"https:\/\/hveravellir.is\/is\/wp-json\/wp\/v2\/pages\/1287","targetHints":{"allow":["GET"]}}],"collection":[{"href":"https:\/\/hveravellir.is\/is\/wp-json\/wp\/v2\/pages"}],"about":[{"href":"https:\/\/hveravellir.is\/is\/wp-json\/wp\/v2\/types\/page"}],"author":[{"embeddable":true,"href":"https:\/\/hveravellir.is\/is\/wp-json\/wp\/v2\/users\/1"}],"replies":[{"embeddable":true,"href":"https:\/\/hveravellir.is\/is\/wp-json\/wp\/v2\/comments?post=1287"}],"version-history":[{"count":33,"href":"https:\/\/hveravellir.is\/is\/wp-json\/wp\/v2\/pages\/1287\/revisions"}],"predecessor-version":[{"id":3090,"href":"https:\/\/hveravellir.is\/is\/wp-json\/wp\/v2\/pages\/1287\/revisions\/3090"}],"wp:attachment":[{"href":"https:\/\/hveravellir.is\/is\/wp-json\/wp\/v2\/media?parent=1287"}],"curies":[{"name":"wp","href":"https:\/\/api.w.org\/{rel}","templated":true}]}}