{"id":1281,"date":"2022-01-10T14:33:21","date_gmt":"2022-01-10T14:33:21","guid":{"rendered":"https:\/\/hveravellir.is\/nyji-skalinn\/"},"modified":"2026-03-08T15:03:01","modified_gmt":"2026-03-08T15:03:01","slug":"nyji-skalinn","status":"publish","type":"page","link":"https:\/\/hveravellir.is\/is\/nyji-skalinn\/","title":{"rendered":"N\u00ddJI SK\u00c1LINN"},"content":{"rendered":"\t\t<div data-elementor-type=\"wp-page\" data-elementor-id=\"1281\" class=\"elementor elementor-1281 elementor-402\" data-elementor-post-type=\"page\">\n\t\t\t\t\t\t<section class=\"elementor-section elementor-top-section elementor-element elementor-element-203fadbc elementor-section-content-middle ct-section-stretched elementor-section-boxed elementor-section-height-default elementor-section-height-default\" data-id=\"203fadbc\" data-element_type=\"section\" data-e-type=\"section\">\n\t\t\t\t\t\t<div class=\"elementor-container elementor-column-gap-no\">\n\t\t\t\t\t<div class=\"elementor-column elementor-col-50 elementor-top-column elementor-element elementor-element-3cb98f94\" data-id=\"3cb98f94\" data-element_type=\"column\" data-e-type=\"column\">\n\t\t\t<div class=\"elementor-widget-wrap elementor-element-populated\">\n\t\t\t\t\t\t<div class=\"elementor-element elementor-element-1700f676 elementor-widget elementor-widget-heading\" data-id=\"1700f676\" data-element_type=\"widget\" data-e-type=\"widget\" data-widget_type=\"heading.default\">\n\t\t\t\t<div class=\"elementor-widget-container\">\n\t\t\t\t\t<h2 class=\"elementor-heading-title elementor-size-default\">Ver\u00f0 fr\u00e1: Kr 36,900 herbergi\u00f0 fyrir n\u00f3ttina.<\/h2>\t\t\t\t<\/div>\n\t\t\t\t<\/div>\n\t\t\t\t<div class=\"elementor-element elementor-element-6ba24040 elementor-widget elementor-widget-image\" data-id=\"6ba24040\" data-element_type=\"widget\" data-e-type=\"widget\" data-widget_type=\"image.default\">\n\t\t\t\t<div class=\"elementor-widget-container\">\n\t\t\t\t\t\t\t\t\t\t\t\t\t\t\t<img fetchpriority=\"high\" decoding=\"async\" width=\"1024\" height=\"683\" src=\"https:\/\/hveravellir.is\/wp-content\/uploads\/2022\/01\/5P1A0363-1024x683-1.jpg\" class=\"attachment-full size-full wp-image-1125\" alt=\"\" srcset=\"https:\/\/hveravellir.is\/wp-content\/uploads\/2022\/01\/5P1A0363-1024x683-1.jpg 1024w, https:\/\/hveravellir.is\/wp-content\/uploads\/2022\/01\/5P1A0363-1024x683-1-300x200.jpg 300w, https:\/\/hveravellir.is\/wp-content\/uploads\/2022\/01\/5P1A0363-1024x683-1-768x512.jpg 768w\" sizes=\"(max-width: 1024px) 100vw, 1024px\" \/>\t\t\t\t\t\t\t\t\t\t\t\t\t\t\t<\/div>\n\t\t\t\t<\/div>\n\t\t\t\t\t<\/div>\n\t\t<\/div>\n\t\t\t\t<div class=\"elementor-column elementor-col-50 elementor-top-column elementor-element elementor-element-176b5027\" data-id=\"176b5027\" data-element_type=\"column\" data-e-type=\"column\">\n\t\t\t<div class=\"elementor-widget-wrap elementor-element-populated\">\n\t\t\t\t\t\t<div class=\"elementor-element elementor-element-793de106 elementor-widget elementor-widget-text-editor\" data-id=\"793de106\" data-element_type=\"widget\" data-e-type=\"widget\" data-widget_type=\"text-editor.default\">\n\t\t\t\t<div class=\"elementor-widget-container\">\n\t\t\t\t\t\t\t\t\t<p><strong>N\u00fdji Sk\u00e1linn<\/strong> er \u00fear sem hjarta\u00f0 sl\u00e6r. \u00dear er m\u00f3ttakan og veitingah\u00fasi\u00f0 og svo fyrir \u00fe\u00e1 sem dvelja vilja a\u00f0eins meira \u00fataf fyrir sig eru \u00ed bo\u00f0i einkaherbergi sem h\u00fdst geta allt a\u00f0 \u00ferj\u00e1r manneskjur hvert. Eitt tv\u00edbreitt og eitt einbreitt r\u00fam.<\/p><p>\u00dea\u00f0 er engin eldunara\u00f0sta\u00f0a \u00ed bo\u00f0i \u00ed N\u00fdja Sk\u00e1lanum. Ba\u00f0herbergi me\u00f0 sturtu eru sameiginleg.<\/p><p>Upp\u00e1b\u00fai\u00f0 r\u00fam og Morgunver\u00f0ur fyrir tvo er innifali\u00f0 \u00ed ver\u00f0i \u00ed N\u00fdja Sk\u00e1la. Fyrir \u00feri\u00f0ja gest kostar aukalega Kr 7100.\u00a0<\/p><p>N\u00e6turgestum N\u00fdja Sk\u00e1la er frj\u00e1lst a\u00f0 nota laugina vi\u00f0 Gamla Sk\u00e1lann og einnig sturtua\u00f0st\u00f6\u00f0una vi\u00f0 tjaldsv\u00e6\u00f0i\u00f0.<\/p>\t\t\t\t\t\t\t\t<\/div>\n\t\t\t\t<\/div>\n\t\t\t\t\t<\/div>\n\t\t<\/div>\n\t\t\t\t\t<\/div>\n\t\t<\/section>\n\t\t\t\t<section class=\"elementor-section elementor-top-section elementor-element elementor-element-9447dcb elementor-section-boxed elementor-section-height-default elementor-section-height-default\" data-id=\"9447dcb\" data-element_type=\"section\" data-e-type=\"section\">\n\t\t\t\t\t\t<div class=\"elementor-container elementor-column-gap-default\">\n\t\t\t\t\t<div class=\"elementor-column elementor-col-100 elementor-top-column elementor-element elementor-element-10c7d9c\" data-id=\"10c7d9c\" data-element_type=\"column\" data-e-type=\"column\">\n\t\t\t<div class=\"elementor-widget-wrap elementor-element-populated\">\n\t\t\t\t\t\t<div class=\"elementor-element elementor-element-5729ce9 elementor-widget elementor-widget-gallery\" data-id=\"5729ce9\" data-element_type=\"widget\" data-e-type=\"widget\" data-settings=\"{&quot;columns&quot;:5,&quot;lazyload&quot;:&quot;yes&quot;,&quot;gallery_layout&quot;:&quot;grid&quot;,&quot;columns_tablet&quot;:2,&quot;columns_mobile&quot;:1,&quot;gap&quot;:{&quot;unit&quot;:&quot;px&quot;,&quot;size&quot;:10,&quot;sizes&quot;:[]},&quot;gap_tablet&quot;:{&quot;unit&quot;:&quot;px&quot;,&quot;size&quot;:10,&quot;sizes&quot;:[]},&quot;gap_mobile&quot;:{&quot;unit&quot;:&quot;px&quot;,&quot;size&quot;:10,&quot;sizes&quot;:[]},&quot;link_to&quot;:&quot;file&quot;,&quot;aspect_ratio&quot;:&quot;3:2&quot;,&quot;overlay_background&quot;:&quot;yes&quot;,&quot;content_hover_animation&quot;:&quot;fade-in&quot;}\" data-widget_type=\"gallery.default\">\n\t\t\t\t<div class=\"elementor-widget-container\">\n\t\t\t\t\t\t\t<div class=\"elementor-gallery__container\">\n\t\t\t\t\t\t\t<a class=\"e-gallery-item elementor-gallery-item elementor-animated-content\" href=\"https:\/\/hveravellir.is\/wp-content\/uploads\/2022\/01\/5P1A0370-1024x683-1.jpg\" data-elementor-open-lightbox=\"yes\" data-elementor-lightbox-slideshow=\"5729ce9\" data-elementor-lightbox-title=\"5P1A0370-1024x683\" data-e-action-hash=\"#elementor-action%3Aaction%3Dlightbox%26settings%3DeyJpZCI6MTE0MCwidXJsIjoiaHR0cHM6XC9cL2h2ZXJhdmVsbGlyLmlzXC93cC1jb250ZW50XC91cGxvYWRzXC8yMDIyXC8wMVwvNVAxQTAzNzAtMTAyNHg2ODMtMS5qcGciLCJzbGlkZXNob3ciOiI1NzI5Y2U5In0%3D\">\n\t\t\t\t\t<div class=\"e-gallery-image elementor-gallery-item__image\" data-thumbnail=\"https:\/\/hveravellir.is\/wp-content\/uploads\/2022\/01\/5P1A0370-1024x683-1.jpg\" data-width=\"1024\" data-height=\"683\" aria-label=\"\" role=\"img\" ><\/div>\n\t\t\t\t\t\t\t\t\t\t\t<div class=\"elementor-gallery-item__overlay\"><\/div>\n\t\t\t\t\t\t\t\t\t\t\t\t\t\t<\/a>\n\t\t\t\t\t\t\t<a class=\"e-gallery-item elementor-gallery-item elementor-animated-content\" href=\"https:\/\/hveravellir.is\/wp-content\/uploads\/2022\/01\/5P1A0367-1024x683-2.jpg\" data-elementor-open-lightbox=\"yes\" data-elementor-lightbox-slideshow=\"5729ce9\" data-elementor-lightbox-title=\"5P1A0367-1024x683-2\" data-e-action-hash=\"#elementor-action%3Aaction%3Dlightbox%26settings%3DeyJpZCI6MTE0MSwidXJsIjoiaHR0cHM6XC9cL2h2ZXJhdmVsbGlyLmlzXC93cC1jb250ZW50XC91cGxvYWRzXC8yMDIyXC8wMVwvNVAxQTAzNjctMTAyNHg2ODMtMi5qcGciLCJzbGlkZXNob3ciOiI1NzI5Y2U5In0%3D\">\n\t\t\t\t\t<div class=\"e-gallery-image elementor-gallery-item__image\" data-thumbnail=\"https:\/\/hveravellir.is\/wp-content\/uploads\/2022\/01\/5P1A0367-1024x683-2.jpg\" data-width=\"1024\" data-height=\"683\" aria-label=\"\" role=\"img\" ><\/div>\n\t\t\t\t\t\t\t\t\t\t\t<div class=\"elementor-gallery-item__overlay\"><\/div>\n\t\t\t\t\t\t\t\t\t\t\t\t\t\t<\/a>\n\t\t\t\t\t\t\t<a class=\"e-gallery-item elementor-gallery-item elementor-animated-content\" href=\"https:\/\/hveravellir.is\/wp-content\/uploads\/2022\/01\/5P1A0362-1024x683-1.jpg\" data-elementor-open-lightbox=\"yes\" data-elementor-lightbox-slideshow=\"5729ce9\" data-elementor-lightbox-title=\"5P1A0362-1024x683\" data-e-action-hash=\"#elementor-action%3Aaction%3Dlightbox%26settings%3DeyJpZCI6MTE0MiwidXJsIjoiaHR0cHM6XC9cL2h2ZXJhdmVsbGlyLmlzXC93cC1jb250ZW50XC91cGxvYWRzXC8yMDIyXC8wMVwvNVAxQTAzNjItMTAyNHg2ODMtMS5qcGciLCJzbGlkZXNob3ciOiI1NzI5Y2U5In0%3D\">\n\t\t\t\t\t<div class=\"e-gallery-image elementor-gallery-item__image\" data-thumbnail=\"https:\/\/hveravellir.is\/wp-content\/uploads\/2022\/01\/5P1A0362-1024x683-1.jpg\" data-width=\"1024\" data-height=\"683\" aria-label=\"\" role=\"img\" ><\/div>\n\t\t\t\t\t\t\t\t\t\t\t<div class=\"elementor-gallery-item__overlay\"><\/div>\n\t\t\t\t\t\t\t\t\t\t\t\t\t\t<\/a>\n\t\t\t\t\t\t\t<a class=\"e-gallery-item elementor-gallery-item elementor-animated-content\" href=\"https:\/\/hveravellir.is\/wp-content\/uploads\/2022\/01\/5P1A0363-1024x683-2.jpg\" data-elementor-open-lightbox=\"yes\" data-elementor-lightbox-slideshow=\"5729ce9\" data-elementor-lightbox-title=\"5P1A0363-1024x683-2\" data-e-action-hash=\"#elementor-action%3Aaction%3Dlightbox%26settings%3DeyJpZCI6MTE0MywidXJsIjoiaHR0cHM6XC9cL2h2ZXJhdmVsbGlyLmlzXC93cC1jb250ZW50XC91cGxvYWRzXC8yMDIyXC8wMVwvNVAxQTAzNjMtMTAyNHg2ODMtMi5qcGciLCJzbGlkZXNob3ciOiI1NzI5Y2U5In0%3D\">\n\t\t\t\t\t<div class=\"e-gallery-image elementor-gallery-item__image\" data-thumbnail=\"https:\/\/hveravellir.is\/wp-content\/uploads\/2022\/01\/5P1A0363-1024x683-2.jpg\" data-width=\"1024\" data-height=\"683\" aria-label=\"\" role=\"img\" ><\/div>\n\t\t\t\t\t\t\t\t\t\t\t<div class=\"elementor-gallery-item__overlay\"><\/div>\n\t\t\t\t\t\t\t\t\t\t\t\t\t\t<\/a>\n\t\t\t\t\t\t\t<a class=\"e-gallery-item elementor-gallery-item elementor-animated-content\" href=\"https:\/\/hveravellir.is\/wp-content\/uploads\/2022\/01\/5P1A0368-1024x683-1.jpg\" data-elementor-open-lightbox=\"yes\" data-elementor-lightbox-slideshow=\"5729ce9\" data-elementor-lightbox-title=\"5P1A0368-1024x683\" data-e-action-hash=\"#elementor-action%3Aaction%3Dlightbox%26settings%3DeyJpZCI6MTE0NCwidXJsIjoiaHR0cHM6XC9cL2h2ZXJhdmVsbGlyLmlzXC93cC1jb250ZW50XC91cGxvYWRzXC8yMDIyXC8wMVwvNVAxQTAzNjgtMTAyNHg2ODMtMS5qcGciLCJzbGlkZXNob3ciOiI1NzI5Y2U5In0%3D\">\n\t\t\t\t\t<div class=\"e-gallery-image elementor-gallery-item__image\" data-thumbnail=\"https:\/\/hveravellir.is\/wp-content\/uploads\/2022\/01\/5P1A0368-1024x683-1.jpg\" data-width=\"1024\" data-height=\"683\" aria-label=\"\" role=\"img\" ><\/div>\n\t\t\t\t\t\t\t\t\t\t\t<div class=\"elementor-gallery-item__overlay\"><\/div>\n\t\t\t\t\t\t\t\t\t\t\t\t\t\t<\/a>\n\t\t\t\t\t<\/div>\n\t\t\t\t\t<\/div>\n\t\t\t\t<\/div>\n\t\t\t\t\t<\/div>\n\t\t<\/div>\n\t\t\t\t\t<\/div>\n\t\t<\/section>\n\t\t\t\t<section class=\"elementor-section elementor-top-section elementor-element elementor-element-4740e3e7 ct-section-stretched elementor-section-boxed elementor-section-height-default elementor-section-height-default\" data-id=\"4740e3e7\" data-element_type=\"section\" data-e-type=\"section\" id=\"footer\" data-settings=\"{&quot;background_background&quot;:&quot;classic&quot;}\">\n\t\t\t\t\t\t<div class=\"elementor-container elementor-column-gap-default\">\n\t\t\t\t\t<div class=\"elementor-column elementor-col-100 elementor-top-column elementor-element elementor-element-77ef366d\" data-id=\"77ef366d\" data-element_type=\"column\" data-e-type=\"column\">\n\t\t\t<div class=\"elementor-widget-wrap elementor-element-populated\">\n\t\t\t\t\t\t<div class=\"elementor-element elementor-element-1ed7ecfe elementor-widget elementor-widget-heading\" data-id=\"1ed7ecfe\" data-element_type=\"widget\" data-e-type=\"widget\" data-widget_type=\"heading.default\">\n\t\t\t\t<div class=\"elementor-widget-container\">\n\t\t\t\t\t<h2 class=\"elementor-heading-title elementor-size-default\">Request a booking for the New Hut\n<\/h2>\t\t\t\t<\/div>\n\t\t\t\t<\/div>\n\t\t\t\t<div class=\"elementor-element elementor-element-3474db18 elementor-button-align-center elementor-mobile-button-align-stretch elementor-widget elementor-widget-form\" data-id=\"3474db18\" data-element_type=\"widget\" data-e-type=\"widget\" data-settings=\"{&quot;step_next_label&quot;:&quot;Next&quot;,&quot;step_previous_label&quot;:&quot;Previous&quot;,&quot;button_width&quot;:&quot;100&quot;,&quot;step_type&quot;:&quot;number_text&quot;,&quot;step_icon_shape&quot;:&quot;circle&quot;}\" data-widget_type=\"form.default\">\n\t\t\t\t<div class=\"elementor-widget-container\">\n\t\t\t\t\t\t\t<form class=\"elementor-form\" method=\"post\" name=\"The New Hut  Booking Request IS\" aria-label=\"The New Hut  Booking Request IS\">\n\t\t\t<input type=\"hidden\" name=\"post_id\" value=\"1281\"\/>\n\t\t\t<input type=\"hidden\" name=\"form_id\" value=\"3474db18\"\/>\n\t\t\t<input type=\"hidden\" name=\"referer_title\" value=\"N\u00ddJI SK\u00c1LINN - Natural Hot Springs &amp; Accomodation on Kj\u00f6lur route \/ Road 35 \u200b\" \/>\n\n\t\t\t\t\t\t\t<input type=\"hidden\" name=\"queried_id\" value=\"1281\"\/>\n\t\t\t\n\t\t\t<div class=\"elementor-form-fields-wrapper elementor-labels-above\">\n\t\t\t\t\t\t\t\t<div class=\"elementor-field-type-text elementor-field-group elementor-column elementor-field-group-name elementor-col-33 elementor-md-50 elementor-field-required elementor-mark-required\">\n\t\t\t\t\t\t\t\t\t\t\t\t<label for=\"form-field-name\" class=\"elementor-field-label\">\n\t\t\t\t\t\t\t\tYour Name\t\t\t\t\t\t\t<\/label>\n\t\t\t\t\t\t\t\t\t\t\t\t\t\t<input size=\"1\" type=\"text\" name=\"form_fields[name]\" id=\"form-field-name\" class=\"elementor-field elementor-size-lg  elementor-field-textual\" required=\"required\">\n\t\t\t\t\t\t\t\t\t\t\t<\/div>\n\t\t\t\t\t\t\t\t<div class=\"elementor-field-type-tel elementor-field-group elementor-column elementor-field-group-field_0fbfb8e elementor-col-33 elementor-md-50 elementor-field-required elementor-mark-required\">\n\t\t\t\t\t\t\t\t\t\t\t\t<label for=\"form-field-field_0fbfb8e\" class=\"elementor-field-label\">\n\t\t\t\t\t\t\t\tYour phone\t\t\t\t\t\t\t<\/label>\n\t\t\t\t\t\t\t\t<input size=\"1\" type=\"tel\" name=\"form_fields[field_0fbfb8e]\" id=\"form-field-field_0fbfb8e\" class=\"elementor-field elementor-size-lg  elementor-field-textual\" required=\"required\" pattern=\"[0-9()#&amp;+*-=.]+\" title=\"Only numbers and phone characters (#, -, *, etc) are accepted.\">\n\n\t\t\t\t\t\t<\/div>\n\t\t\t\t\t\t\t\t<div class=\"elementor-field-type-email elementor-field-group elementor-column elementor-field-group-email elementor-col-33 elementor-md-100 elementor-field-required elementor-mark-required\">\n\t\t\t\t\t\t\t\t\t\t\t\t<label for=\"form-field-email\" class=\"elementor-field-label\">\n\t\t\t\t\t\t\t\tYour Email\t\t\t\t\t\t\t<\/label>\n\t\t\t\t\t\t\t\t\t\t\t\t\t\t<input size=\"1\" type=\"email\" name=\"form_fields[email]\" id=\"form-field-email\" class=\"elementor-field elementor-size-lg  elementor-field-textual\" required=\"required\">\n\t\t\t\t\t\t\t\t\t\t\t<\/div>\n\t\t\t\t\t\t\t\t<div class=\"elementor-field-type-date elementor-field-group elementor-column elementor-field-group-field_b0fe699 elementor-col-50 elementor-field-required elementor-mark-required\">\n\t\t\t\t\t\t\t\t\t\t\t\t<label for=\"form-field-field_b0fe699\" class=\"elementor-field-label\">\n\t\t\t\t\t\t\t\tArrival Date\t\t\t\t\t\t\t<\/label>\n\t\t\t\t\t\t\n\t\t<input type=\"date\" name=\"form_fields[field_b0fe699]\" id=\"form-field-field_b0fe699\" class=\"elementor-field elementor-size-lg  elementor-field-textual elementor-date-field\" placeholder=\"click to select a date\" required=\"required\" pattern=\"[0-9]{4}-[0-9]{2}-[0-9]{2}\">\n\t\t\t\t\t\t<\/div>\n\t\t\t\t\t\t\t\t<div class=\"elementor-field-type-date elementor-field-group elementor-column elementor-field-group-field_a532e6f elementor-col-50 elementor-field-required elementor-mark-required\">\n\t\t\t\t\t\t\t\t\t\t\t\t<label for=\"form-field-field_a532e6f\" class=\"elementor-field-label\">\n\t\t\t\t\t\t\t\tDeparture Date\t\t\t\t\t\t\t<\/label>\n\t\t\t\t\t\t\n\t\t<input type=\"date\" name=\"form_fields[field_a532e6f]\" id=\"form-field-field_a532e6f\" class=\"elementor-field elementor-size-lg  elementor-field-textual elementor-date-field\" placeholder=\"click to select a date\" required=\"required\" pattern=\"[0-9]{4}-[0-9]{2}-[0-9]{2}\">\n\t\t\t\t\t\t<\/div>\n\t\t\t\t\t\t\t\t<div class=\"elementor-field-type-number elementor-field-group elementor-column elementor-field-group-field_4cfa776 elementor-col-100 elementor-field-required elementor-mark-required\">\n\t\t\t\t\t\t\t\t\t\t\t\t<label for=\"form-field-field_4cfa776\" class=\"elementor-field-label\">\n\t\t\t\t\t\t\t\tNumber of guests\t\t\t\t\t\t\t<\/label>\n\t\t\t\t\t\t\t\t\t<input type=\"number\" name=\"form_fields[field_4cfa776]\" id=\"form-field-field_4cfa776\" class=\"elementor-field elementor-size-lg  elementor-field-textual\" required=\"required\" min=\"1\" max=\"20\" >\n\t\t\t\t\t\t<\/div>\n\t\t\t\t\t\t\t\t<div class=\"elementor-field-type-textarea elementor-field-group elementor-column elementor-field-group-message elementor-col-100\">\n\t\t\t\t\t\t\t\t\t\t\t\t<label for=\"form-field-message\" class=\"elementor-field-label\">\n\t\t\t\t\t\t\t\tComments\t\t\t\t\t\t\t<\/label>\n\t\t\t\t\t\t<textarea class=\"elementor-field-textual elementor-field  elementor-size-lg\" name=\"form_fields[message]\" id=\"form-field-message\" rows=\"4\" placeholder=\"Write a message\"><\/textarea>\t\t\t\t<\/div>\n\t\t\t\t\t\t\t\t<div class=\"elementor-field-group elementor-column elementor-field-type-submit elementor-col-100 e-form__buttons\">\n\t\t\t\t\t<button class=\"elementor-button elementor-size-sm\" type=\"submit\">\n\t\t\t\t\t\t<span class=\"elementor-button-content-wrapper\">\n\t\t\t\t\t\t\t\t\t\t\t\t\t\t\t\t\t\t\t\t\t\t<span class=\"elementor-button-text\">Send<\/span>\n\t\t\t\t\t\t\t\t\t\t\t\t\t<\/span>\n\t\t\t\t\t<\/button>\n\t\t\t\t<\/div>\n\t\t\t<\/div>\n\t\t<\/form>\n\t\t\t\t\t\t<\/div>\n\t\t\t\t<\/div>\n\t\t\t\t<div class=\"elementor-element elementor-element-800ad13 elementor-widget elementor-widget-spacer\" data-id=\"800ad13\" data-element_type=\"widget\" data-e-type=\"widget\" data-widget_type=\"spacer.default\">\n\t\t\t\t<div class=\"elementor-widget-container\">\n\t\t\t\t\t\t\t<div class=\"elementor-spacer\">\n\t\t\t<div class=\"elementor-spacer-inner\"><\/div>\n\t\t<\/div>\n\t\t\t\t\t\t<\/div>\n\t\t\t\t<\/div>\n\t\t\t\t\t<\/div>\n\t\t<\/div>\n\t\t\t\t\t<\/div>\n\t\t<\/section>\n\t\t\t\t<\/div>\n\t\t","protected":false},"excerpt":{"rendered":"<p>Ver\u00f0 fr\u00e1: Kr 36,900 herbergi\u00f0 fyrir n\u00f3ttina. N\u00fdji Sk\u00e1linn er \u00fear sem hjarta\u00f0 sl\u00e6r. \u00dear er m\u00f3ttakan og veitingah\u00fasi\u00f0 og svo fyrir \u00fe\u00e1 sem dvelja vilja a\u00f0eins meira \u00fataf fyrir sig eru \u00ed bo\u00f0i einkaherbergi sem h\u00fdst geta allt a\u00f0 \u00ferj\u00e1r manneskjur hvert. Eitt tv\u00edbreitt og eitt einbreitt r\u00fam. \u00dea\u00f0 er engin eldunara\u00f0sta\u00f0a \u00ed bo\u00f0i [&hellip;]<\/p>\n","protected":false},"author":1,"featured_media":0,"parent":0,"menu_order":0,"comment_status":"closed","ping_status":"closed","template":"","meta":{"footnotes":""},"class_list":["post-1281","page","type-page","status-publish","hentry"],"blocksy_meta":{"styles_descriptor":{"styles":{"desktop":"","tablet":"","mobile":""},"google_fonts":[],"version":6}},"_links":{"self":[{"href":"https:\/\/hveravellir.is\/is\/wp-json\/wp\/v2\/pages\/1281","targetHints":{"allow":["GET"]}}],"collection":[{"href":"https:\/\/hveravellir.is\/is\/wp-json\/wp\/v2\/pages"}],"about":[{"href":"https:\/\/hveravellir.is\/is\/wp-json\/wp\/v2\/types\/page"}],"author":[{"embeddable":true,"href":"https:\/\/hveravellir.is\/is\/wp-json\/wp\/v2\/users\/1"}],"replies":[{"embeddable":true,"href":"https:\/\/hveravellir.is\/is\/wp-json\/wp\/v2\/comments?post=1281"}],"version-history":[{"count":34,"href":"https:\/\/hveravellir.is\/is\/wp-json\/wp\/v2\/pages\/1281\/revisions"}],"predecessor-version":[{"id":3069,"href":"https:\/\/hveravellir.is\/is\/wp-json\/wp\/v2\/pages\/1281\/revisions\/3069"}],"wp:attachment":[{"href":"https:\/\/hveravellir.is\/is\/wp-json\/wp\/v2\/media?parent=1281"}],"curies":[{"name":"wp","href":"https:\/\/api.w.org\/{rel}","templated":true}]}}