{"id":1271,"date":"2022-01-10T14:27:51","date_gmt":"2022-01-10T14:27:51","guid":{"rendered":"https:\/\/hveravellir.is\/rauda-slodin\/"},"modified":"2022-01-10T14:28:10","modified_gmt":"2022-01-10T14:28:10","slug":"rauda-slodin","status":"publish","type":"page","link":"https:\/\/hveravellir.is\/is\/rauda-slodin\/","title":{"rendered":"RAU\u00d0A SL\u00d3\u00d0IN"},"content":{"rendered":"\t\t<div data-elementor-type=\"wp-page\" data-elementor-id=\"1271\" class=\"elementor elementor-1271 elementor-524\" data-elementor-post-type=\"page\">\n\t\t\t\t\t\t<section class=\"elementor-section elementor-top-section elementor-element elementor-element-3dfa2616 elementor-section-boxed elementor-section-height-default elementor-section-height-default\" data-id=\"3dfa2616\" data-element_type=\"section\" data-e-type=\"section\">\n\t\t\t\t\t\t<div class=\"elementor-container elementor-column-gap-default\">\n\t\t\t\t\t<div class=\"elementor-column elementor-col-100 elementor-top-column elementor-element elementor-element-34da8751\" data-id=\"34da8751\" data-element_type=\"column\" data-e-type=\"column\">\n\t\t\t<div class=\"elementor-widget-wrap elementor-element-populated\">\n\t\t\t\t\t\t<div class=\"elementor-element elementor-element-2f0665b6 elementor-widget elementor-widget-spacer\" data-id=\"2f0665b6\" data-element_type=\"widget\" data-e-type=\"widget\" data-widget_type=\"spacer.default\">\n\t\t\t\t<div class=\"elementor-widget-container\">\n\t\t\t\t\t\t\t<div class=\"elementor-spacer\">\n\t\t\t<div class=\"elementor-spacer-inner\"><\/div>\n\t\t<\/div>\n\t\t\t\t\t\t<\/div>\n\t\t\t\t<\/div>\n\t\t\t\t<div class=\"elementor-element elementor-element-5515bcd3 elementor-widget elementor-widget-image\" data-id=\"5515bcd3\" data-element_type=\"widget\" data-e-type=\"widget\" data-widget_type=\"image.default\">\n\t\t\t\t<div class=\"elementor-widget-container\">\n\t\t\t\t\t\t\t\t\t\t\t\t\t\t\t<img fetchpriority=\"high\" decoding=\"async\" width=\"900\" height=\"600\" src=\"https:\/\/hveravellir.is\/wp-content\/uploads\/2022\/01\/IMG_9758-e1491144670519-900x600-1.jpg\" class=\"attachment-large size-large wp-image-1165\" alt=\"\" srcset=\"https:\/\/hveravellir.is\/wp-content\/uploads\/2022\/01\/IMG_9758-e1491144670519-900x600-1.jpg 900w, https:\/\/hveravellir.is\/wp-content\/uploads\/2022\/01\/IMG_9758-e1491144670519-900x600-1-300x200.jpg 300w, https:\/\/hveravellir.is\/wp-content\/uploads\/2022\/01\/IMG_9758-e1491144670519-900x600-1-768x512.jpg 768w\" sizes=\"(max-width: 900px) 100vw, 900px\" \/>\t\t\t\t\t\t\t\t\t\t\t\t\t\t\t<\/div>\n\t\t\t\t<\/div>\n\t\t\t\t<div class=\"elementor-element elementor-element-2578edb8 elementor-widget elementor-widget-spacer\" data-id=\"2578edb8\" data-element_type=\"widget\" data-e-type=\"widget\" data-widget_type=\"spacer.default\">\n\t\t\t\t<div class=\"elementor-widget-container\">\n\t\t\t\t\t\t\t<div class=\"elementor-spacer\">\n\t\t\t<div class=\"elementor-spacer-inner\"><\/div>\n\t\t<\/div>\n\t\t\t\t\t\t<\/div>\n\t\t\t\t<\/div>\n\t\t\t\t<div class=\"elementor-element elementor-element-638c8353 elementor-widget elementor-widget-text-editor\" data-id=\"638c8353\" data-element_type=\"widget\" data-e-type=\"widget\" data-widget_type=\"text-editor.default\">\n\t\t\t\t<div class=\"elementor-widget-container\">\n\t\t\t\t\t\t\t\t\t<p>Rau\u00f0a sl\u00f3\u00f0in liggur um br\u00fana og gr\u00e1 og svarta hraunfl\u00e1ka sumsta\u00f0ar mosagr\u00f3na en annarsta\u00f0ar ve\u00f0urbar\u00f0a upp a\u00f0 Str\u00fdtum, g\u00edgnum \u00ed mi\u00f0ju Kjalhrauninu \u00fea\u00f0an sem hrauni\u00f0 rann fyrir um 7000 \u00e1rum s\u00ed\u00f0an. Lei\u00f0in er \u00fe\u00e6gilega afl\u00ed\u00f0andi upp a\u00f0 g\u00edgnum og \u00fearf ekki a\u00f0 vera \u00fej\u00e1lfa\u00f0ur g\u00f6ngugarpur til \u00feess a\u00f0 nj\u00f3ta fer\u00f0arinnar. \u00de\u00f3 hrauni\u00f0 s\u00e9 v\u00ed\u00f0a bert er samt \u00fe\u00f3 nokkur gr\u00f3\u00f0ur l\u00edka sem n\u00e1\u00f0 hefur f\u00f3tfestu \u00ed gegn um \u00e1rin sj\u00f6\u00fe\u00fasund. V\u00ed\u00f0a li\u00f0ast gufa upp \u00ed gegn um sprungur og getur s\u00fa s\u00fdn breytt fallegum degi \u00ed hreint t\u00f6fraland. \u00deverm\u00e1l sj\u00e1lfs g\u00edgsins er um 1 k\u00edl\u00f3metri og getur veri\u00f0 gaman a\u00f0 ganga hringinn \u00ed ja\u00f0rinum og svo inn \u00ed g\u00edgmi\u00f0juna \u00fear sem h\u00e6gt er a\u00f0 pr\u00edla ofan \u00ed g\u00edginn. Fjallahringurinn \u00ed \u00feessari g\u00f6ngu er hreint \u00fat sagt st\u00f3rbrotinn me\u00f0 hi\u00f0 tignarlega Hr\u00fatfell \u00ed forgrunninn \u00e1 lei\u00f0inni inneftir.          <\/p>\n\t\t\t\t\t\t\t\t<\/div>\n\t\t\t\t<\/div>\n\t\t\t\t<div class=\"elementor-element elementor-element-18ec2519 elementor-widget elementor-widget-spacer\" data-id=\"18ec2519\" data-element_type=\"widget\" data-e-type=\"widget\" data-widget_type=\"spacer.default\">\n\t\t\t\t<div class=\"elementor-widget-container\">\n\t\t\t\t\t\t\t<div class=\"elementor-spacer\">\n\t\t\t<div class=\"elementor-spacer-inner\"><\/div>\n\t\t<\/div>\n\t\t\t\t\t\t<\/div>\n\t\t\t\t<\/div>\n\t\t\t\t\t<\/div>\n\t\t<\/div>\n\t\t\t\t\t<\/div>\n\t\t<\/section>\n\t\t\t\t<section class=\"elementor-section elementor-top-section elementor-element elementor-element-5e00f2f6 elementor-section-boxed elementor-section-height-default elementor-section-height-default\" data-id=\"5e00f2f6\" data-element_type=\"section\" data-e-type=\"section\">\n\t\t\t\t\t\t<div class=\"elementor-container elementor-column-gap-default\">\n\t\t\t\t\t<div class=\"elementor-column elementor-col-100 elementor-top-column elementor-element elementor-element-5b032204\" data-id=\"5b032204\" data-element_type=\"column\" data-e-type=\"column\">\n\t\t\t<div class=\"elementor-widget-wrap elementor-element-populated\">\n\t\t\t\t\t\t<div class=\"elementor-element elementor-element-4ac268ee elementor-widget elementor-widget-gallery\" data-id=\"4ac268ee\" data-element_type=\"widget\" data-e-type=\"widget\" data-settings=\"{&quot;columns&quot;:3,&quot;lazyload&quot;:&quot;yes&quot;,&quot;gallery_layout&quot;:&quot;grid&quot;,&quot;columns_tablet&quot;:2,&quot;columns_mobile&quot;:1,&quot;gap&quot;:{&quot;unit&quot;:&quot;px&quot;,&quot;size&quot;:10,&quot;sizes&quot;:[]},&quot;gap_tablet&quot;:{&quot;unit&quot;:&quot;px&quot;,&quot;size&quot;:10,&quot;sizes&quot;:[]},&quot;gap_mobile&quot;:{&quot;unit&quot;:&quot;px&quot;,&quot;size&quot;:10,&quot;sizes&quot;:[]},&quot;link_to&quot;:&quot;file&quot;,&quot;aspect_ratio&quot;:&quot;3:2&quot;,&quot;overlay_background&quot;:&quot;yes&quot;,&quot;content_hover_animation&quot;:&quot;fade-in&quot;}\" data-widget_type=\"gallery.default\">\n\t\t\t\t<div class=\"elementor-widget-container\">\n\t\t\t\t\t\t\t<div class=\"elementor-gallery__container\">\n\t\t\t\t\t\t\t<a class=\"e-gallery-item elementor-gallery-item elementor-animated-content\" href=\"https:\/\/hveravellir.is\/wp-content\/uploads\/2022\/01\/IMG_9772-1024x683-1.jpg\" data-elementor-open-lightbox=\"yes\" data-elementor-lightbox-slideshow=\"4ac268ee\" data-elementor-lightbox-title=\"IMG_9772-1024x683\" data-e-action-hash=\"#elementor-action%3Aaction%3Dlightbox%26settings%3DeyJpZCI6NTI4LCJ1cmwiOiJodHRwczpcL1wvaHZlcmF2ZWxsaXIuaXNcL3dwLWNvbnRlbnRcL3VwbG9hZHNcLzIwMjJcLzAxXC9JTUdfOTc3Mi0xMDI0eDY4My0xLmpwZyIsInNsaWRlc2hvdyI6IjRhYzI2OGVlIn0%3D\">\n\t\t\t\t\t<div class=\"e-gallery-image elementor-gallery-item__image\" data-thumbnail=\"https:\/\/hveravellir.is\/wp-content\/uploads\/2022\/01\/IMG_9772-1024x683-1.jpg\" data-width=\"1024\" data-height=\"683\" aria-label=\"\" role=\"img\" ><\/div>\n\t\t\t\t\t\t\t\t\t\t\t<div class=\"elementor-gallery-item__overlay\"><\/div>\n\t\t\t\t\t\t\t\t\t\t\t\t\t\t<\/a>\n\t\t\t\t\t\t\t<a class=\"e-gallery-item elementor-gallery-item elementor-animated-content\" href=\"https:\/\/hveravellir.is\/wp-content\/uploads\/2022\/01\/IMG_9758-1-1024x683-1.jpg\" data-elementor-open-lightbox=\"yes\" data-elementor-lightbox-slideshow=\"4ac268ee\" data-elementor-lightbox-title=\"IMG_9758-1-1024x683\" data-e-action-hash=\"#elementor-action%3Aaction%3Dlightbox%26settings%3DeyJpZCI6NTI5LCJ1cmwiOiJodHRwczpcL1wvaHZlcmF2ZWxsaXIuaXNcL3dwLWNvbnRlbnRcL3VwbG9hZHNcLzIwMjJcLzAxXC9JTUdfOTc1OC0xLTEwMjR4NjgzLTEuanBnIiwic2xpZGVzaG93IjoiNGFjMjY4ZWUifQ%3D%3D\">\n\t\t\t\t\t<div class=\"e-gallery-image elementor-gallery-item__image\" data-thumbnail=\"https:\/\/hveravellir.is\/wp-content\/uploads\/2022\/01\/IMG_9758-1-1024x683-1.jpg\" data-width=\"1024\" data-height=\"683\" aria-label=\"\" role=\"img\" ><\/div>\n\t\t\t\t\t\t\t\t\t\t\t<div class=\"elementor-gallery-item__overlay\"><\/div>\n\t\t\t\t\t\t\t\t\t\t\t\t\t\t<\/a>\n\t\t\t\t\t\t\t<a class=\"e-gallery-item elementor-gallery-item elementor-animated-content\" href=\"https:\/\/hveravellir.is\/wp-content\/uploads\/2022\/01\/IMG_9748-1024x683-1.jpg\" data-elementor-open-lightbox=\"yes\" data-elementor-lightbox-slideshow=\"4ac268ee\" data-elementor-lightbox-title=\"IMG_9748-1024x683\" data-e-action-hash=\"#elementor-action%3Aaction%3Dlightbox%26settings%3DeyJpZCI6NTMxLCJ1cmwiOiJodHRwczpcL1wvaHZlcmF2ZWxsaXIuaXNcL3dwLWNvbnRlbnRcL3VwbG9hZHNcLzIwMjJcLzAxXC9JTUdfOTc0OC0xMDI0eDY4My0xLmpwZyIsInNsaWRlc2hvdyI6IjRhYzI2OGVlIn0%3D\">\n\t\t\t\t\t<div class=\"e-gallery-image elementor-gallery-item__image\" data-thumbnail=\"https:\/\/hveravellir.is\/wp-content\/uploads\/2022\/01\/IMG_9748-1024x683-1.jpg\" data-width=\"1024\" data-height=\"683\" aria-label=\"\" role=\"img\" ><\/div>\n\t\t\t\t\t\t\t\t\t\t\t<div class=\"elementor-gallery-item__overlay\"><\/div>\n\t\t\t\t\t\t\t\t\t\t\t\t\t\t<\/a>\n\t\t\t\t\t<\/div>\n\t\t\t\t\t<\/div>\n\t\t\t\t<\/div>\n\t\t\t\t\t<\/div>\n\t\t<\/div>\n\t\t\t\t\t<\/div>\n\t\t<\/section>\n\t\t\t\t<\/div>\n\t\t","protected":false},"excerpt":{"rendered":"<p>Rau\u00f0a sl\u00f3\u00f0in liggur um br\u00fana og gr\u00e1 og svarta hraunfl\u00e1ka sumsta\u00f0ar mosagr\u00f3na en annarsta\u00f0ar ve\u00f0urbar\u00f0a upp a\u00f0 Str\u00fdtum, g\u00edgnum \u00ed mi\u00f0ju Kjalhrauninu \u00fea\u00f0an sem hrauni\u00f0 rann fyrir um 7000 \u00e1rum s\u00ed\u00f0an. Lei\u00f0in er \u00fe\u00e6gilega afl\u00ed\u00f0andi upp a\u00f0 g\u00edgnum og \u00fearf ekki a\u00f0 vera \u00fej\u00e1lfa\u00f0ur g\u00f6ngugarpur til \u00feess a\u00f0 nj\u00f3ta fer\u00f0arinnar. \u00de\u00f3 hrauni\u00f0 s\u00e9 v\u00ed\u00f0a bert [&hellip;]<\/p>\n","protected":false},"author":1,"featured_media":0,"parent":0,"menu_order":0,"comment_status":"closed","ping_status":"closed","template":"","meta":{"footnotes":""},"class_list":["post-1271","page","type-page","status-publish","hentry"],"blocksy_meta":{"styles_descriptor":{"styles":{"desktop":"","tablet":"","mobile":""},"google_fonts":[],"version":6}},"_links":{"self":[{"href":"https:\/\/hveravellir.is\/is\/wp-json\/wp\/v2\/pages\/1271","targetHints":{"allow":["GET"]}}],"collection":[{"href":"https:\/\/hveravellir.is\/is\/wp-json\/wp\/v2\/pages"}],"about":[{"href":"https:\/\/hveravellir.is\/is\/wp-json\/wp\/v2\/types\/page"}],"author":[{"embeddable":true,"href":"https:\/\/hveravellir.is\/is\/wp-json\/wp\/v2\/users\/1"}],"replies":[{"embeddable":true,"href":"https:\/\/hveravellir.is\/is\/wp-json\/wp\/v2\/comments?post=1271"}],"version-history":[{"count":8,"href":"https:\/\/hveravellir.is\/is\/wp-json\/wp\/v2\/pages\/1271\/revisions"}],"predecessor-version":[{"id":1280,"href":"https:\/\/hveravellir.is\/is\/wp-json\/wp\/v2\/pages\/1271\/revisions\/1280"}],"wp:attachment":[{"href":"https:\/\/hveravellir.is\/is\/wp-json\/wp\/v2\/media?parent=1271"}],"curies":[{"name":"wp","href":"https:\/\/api.w.org\/{rel}","templated":true}]}}