{"id":1262,"date":"2022-01-10T14:25:48","date_gmt":"2022-01-10T14:25:48","guid":{"rendered":"https:\/\/hveravellir.is\/appelsinugula-slodin\/"},"modified":"2022-01-10T14:25:51","modified_gmt":"2022-01-10T14:25:51","slug":"appelsinugula-slodin","status":"publish","type":"page","link":"https:\/\/hveravellir.is\/is\/appelsinugula-slodin\/","title":{"rendered":"APPELS\u00cdNUGULA SL\u00d3\u00d0IN"},"content":{"rendered":"\t\t<div data-elementor-type=\"wp-page\" data-elementor-id=\"1262\" class=\"elementor elementor-1262 elementor-537\" data-elementor-post-type=\"page\">\n\t\t\t\t\t\t<section class=\"elementor-section elementor-top-section elementor-element elementor-element-6f52c01d elementor-section-boxed elementor-section-height-default elementor-section-height-default\" data-id=\"6f52c01d\" data-element_type=\"section\" data-e-type=\"section\">\n\t\t\t\t\t\t<div class=\"elementor-container elementor-column-gap-default\">\n\t\t\t\t\t<div class=\"elementor-column elementor-col-100 elementor-top-column elementor-element elementor-element-6cafcccc\" data-id=\"6cafcccc\" data-element_type=\"column\" data-e-type=\"column\">\n\t\t\t<div class=\"elementor-widget-wrap elementor-element-populated\">\n\t\t\t\t\t\t<div class=\"elementor-element elementor-element-1303eab8 elementor-widget elementor-widget-spacer\" data-id=\"1303eab8\" data-element_type=\"widget\" data-e-type=\"widget\" data-widget_type=\"spacer.default\">\n\t\t\t\t<div class=\"elementor-widget-container\">\n\t\t\t\t\t\t\t<div class=\"elementor-spacer\">\n\t\t\t<div class=\"elementor-spacer-inner\"><\/div>\n\t\t<\/div>\n\t\t\t\t\t\t<\/div>\n\t\t\t\t<\/div>\n\t\t\t\t<div class=\"elementor-element elementor-element-2c056334 elementor-widget elementor-widget-image\" data-id=\"2c056334\" data-element_type=\"widget\" data-e-type=\"widget\" data-widget_type=\"image.default\">\n\t\t\t\t<div class=\"elementor-widget-container\">\n\t\t\t\t\t\t\t\t\t\t\t\t\t\t\t<img fetchpriority=\"high\" decoding=\"async\" width=\"900\" height=\"600\" src=\"https:\/\/hveravellir.is\/wp-content\/uploads\/2022\/01\/IMG_9477-900x600-1.jpg\" class=\"attachment-large size-large wp-image-1172\" alt=\"\" srcset=\"https:\/\/hveravellir.is\/wp-content\/uploads\/2022\/01\/IMG_9477-900x600-1.jpg 900w, https:\/\/hveravellir.is\/wp-content\/uploads\/2022\/01\/IMG_9477-900x600-1-300x200.jpg 300w, https:\/\/hveravellir.is\/wp-content\/uploads\/2022\/01\/IMG_9477-900x600-1-768x512.jpg 768w\" sizes=\"(max-width: 900px) 100vw, 900px\" \/>\t\t\t\t\t\t\t\t\t\t\t\t\t\t\t<\/div>\n\t\t\t\t<\/div>\n\t\t\t\t<div class=\"elementor-element elementor-element-6db660a9 elementor-widget elementor-widget-spacer\" data-id=\"6db660a9\" data-element_type=\"widget\" data-e-type=\"widget\" data-widget_type=\"spacer.default\">\n\t\t\t\t<div class=\"elementor-widget-container\">\n\t\t\t\t\t\t\t<div class=\"elementor-spacer\">\n\t\t\t<div class=\"elementor-spacer-inner\"><\/div>\n\t\t<\/div>\n\t\t\t\t\t\t<\/div>\n\t\t\t\t<\/div>\n\t\t\t\t<div class=\"elementor-element elementor-element-2e8267b2 elementor-widget elementor-widget-text-editor\" data-id=\"2e8267b2\" data-element_type=\"widget\" data-e-type=\"widget\" data-widget_type=\"text-editor.default\">\n\t\t\t\t<div class=\"elementor-widget-container\">\n\t\t\t\t\t\t\t\t\t<p>\u00dej\u00f3fadalir, \u00fea\u00f0 hlj\u00f3mar \u00ed nafni \u00feessu sk\u00fdring \u00e1 \u00fev\u00ed hvers vegan b\u00e6ndum fort\u00ed\u00f0ar var meinilla vi\u00f0 h\u00e1lendi\u00f0. \u00dear h\u00f6f\u00f0ust \u00feeir vi\u00f0 sem illa \u00feoldu dagslj\u00f3si\u00f0 s\u00fdslumannanna. \u00cd \u00fej\u00f3fad\u00f6lum er tali\u00f0 a\u00f0 sau\u00f0a\u00fej\u00f3far hafi fali\u00f0 sig fr\u00e1 l\u00f6gunum h\u00e9r \u00e1\u00f0ur fyrr. Sl\u00f3\u00f0in er afl\u00ed\u00f0andi mest yfir flatlendi fyrst yfir hrauni\u00f0 og svo taka vi\u00f0 gr\u00f3nar sl\u00e9ttur \u00feaktar fjallabl\u00f3mum og berjalyngi. \u00dea\u00f0 eru v\u00ed\u00f0a ferskir fjallal\u00e6kir til a\u00f0 b\u00e6ta \u00e1 g\u00f6ngubr\u00fasann t\u00e6ru vatni beint innan \u00far j\u00f6kli. Lei\u00f0in liggur upp \u00ed gegn um skar\u00f0 sem ber heiti\u00f0 \u201c\u00der\u00f6skuldur\u201d og \u00fear efst \u00ed skar\u00f0inu blasa vi\u00f0 \u00fej\u00f3fadalirnir. Ofan\u00ed dalnum k\u00farir \u00dej\u00f3fadala sk\u00e1li Fer\u00f0af\u00e9lags \u00cdslands. \u00dear er h\u00e6gt a\u00f0 panta s\u00e9r gistingu ef f\u00f6rinni er heiti\u00f0 \u00e1fram su\u00f0ur hina g\u00f6mlu \u00fej\u00f3\u00f0lei\u00f0. Dalurinn er vel gr\u00f3inn og fegur\u00f0in blasir vi\u00f0 til allra \u00e1tta. \u00c1 g\u00f3\u00f0um degi geta ferskir g\u00f6ngumenn au\u00f0veldlega b\u00e6tt inn g\u00f6ngu \u00e1 Rau\u00f0koll en \u00fea\u00f0an er hreint magna\u00f0 \u00fats\u00fdni yfir fjallahringinn vi\u00f0 Kjalveg eins og Hofsj\u00f6kul, Kerlingafj\u00f6ll, Langj\u00f6kul og Hr\u00fatfell svo eitthva\u00f0 s\u00e9 nefnt.        <\/p>\n\t\t\t\t\t\t\t\t<\/div>\n\t\t\t\t<\/div>\n\t\t\t\t<div class=\"elementor-element elementor-element-2b5983e7 elementor-widget elementor-widget-spacer\" data-id=\"2b5983e7\" data-element_type=\"widget\" data-e-type=\"widget\" data-widget_type=\"spacer.default\">\n\t\t\t\t<div class=\"elementor-widget-container\">\n\t\t\t\t\t\t\t<div class=\"elementor-spacer\">\n\t\t\t<div class=\"elementor-spacer-inner\"><\/div>\n\t\t<\/div>\n\t\t\t\t\t\t<\/div>\n\t\t\t\t<\/div>\n\t\t\t\t\t<\/div>\n\t\t<\/div>\n\t\t\t\t\t<\/div>\n\t\t<\/section>\n\t\t\t\t<section class=\"elementor-section elementor-top-section elementor-element elementor-element-413e4cf0 elementor-section-boxed elementor-section-height-default elementor-section-height-default\" data-id=\"413e4cf0\" data-element_type=\"section\" data-e-type=\"section\">\n\t\t\t\t\t\t<div class=\"elementor-container elementor-column-gap-default\">\n\t\t\t\t\t<div class=\"elementor-column elementor-col-100 elementor-top-column elementor-element elementor-element-1f52772c\" data-id=\"1f52772c\" data-element_type=\"column\" data-e-type=\"column\">\n\t\t\t<div class=\"elementor-widget-wrap elementor-element-populated\">\n\t\t\t\t\t\t<div class=\"elementor-element elementor-element-3a0ee03c elementor-widget elementor-widget-gallery\" data-id=\"3a0ee03c\" data-element_type=\"widget\" data-e-type=\"widget\" data-settings=\"{&quot;columns&quot;:3,&quot;lazyload&quot;:&quot;yes&quot;,&quot;gallery_layout&quot;:&quot;grid&quot;,&quot;columns_tablet&quot;:2,&quot;columns_mobile&quot;:1,&quot;gap&quot;:{&quot;unit&quot;:&quot;px&quot;,&quot;size&quot;:10,&quot;sizes&quot;:[]},&quot;gap_tablet&quot;:{&quot;unit&quot;:&quot;px&quot;,&quot;size&quot;:10,&quot;sizes&quot;:[]},&quot;gap_mobile&quot;:{&quot;unit&quot;:&quot;px&quot;,&quot;size&quot;:10,&quot;sizes&quot;:[]},&quot;link_to&quot;:&quot;file&quot;,&quot;aspect_ratio&quot;:&quot;3:2&quot;,&quot;overlay_background&quot;:&quot;yes&quot;,&quot;content_hover_animation&quot;:&quot;fade-in&quot;}\" data-widget_type=\"gallery.default\">\n\t\t\t\t<div class=\"elementor-widget-container\">\n\t\t\t\t\t\t\t<div class=\"elementor-gallery__container\">\n\t\t\t\t\t\t\t<a class=\"e-gallery-item elementor-gallery-item elementor-animated-content\" href=\"https:\/\/hveravellir.is\/wp-content\/uploads\/2022\/01\/IMG_9477-900x600-2.jpg\" data-elementor-open-lightbox=\"yes\" data-elementor-lightbox-slideshow=\"3a0ee03c\" data-elementor-lightbox-title=\"IMG_9477-900x600\" data-e-action-hash=\"#elementor-action%3Aaction%3Dlightbox%26settings%3DeyJpZCI6NTQwLCJ1cmwiOiJodHRwczpcL1wvaHZlcmF2ZWxsaXIuaXNcL3dwLWNvbnRlbnRcL3VwbG9hZHNcLzIwMjJcLzAxXC9JTUdfOTQ3Ny05MDB4NjAwLTIuanBnIiwic2xpZGVzaG93IjoiM2EwZWUwM2MifQ%3D%3D\">\n\t\t\t\t\t<div class=\"e-gallery-image elementor-gallery-item__image\" data-thumbnail=\"https:\/\/hveravellir.is\/wp-content\/uploads\/2022\/01\/IMG_9477-900x600-2.jpg\" data-width=\"900\" data-height=\"600\" aria-label=\"\" role=\"img\" ><\/div>\n\t\t\t\t\t\t\t\t\t\t\t<div class=\"elementor-gallery-item__overlay\"><\/div>\n\t\t\t\t\t\t\t\t\t\t\t\t\t\t<\/a>\n\t\t\t\t\t\t\t<a class=\"e-gallery-item elementor-gallery-item elementor-animated-content\" href=\"https:\/\/hveravellir.is\/wp-content\/uploads\/2022\/01\/THjofadalir-1024x683-1.jpg\" data-elementor-open-lightbox=\"yes\" data-elementor-lightbox-slideshow=\"3a0ee03c\" data-elementor-lightbox-title=\"\u00dej\u00f3fadalir-1024x683\" data-e-action-hash=\"#elementor-action%3Aaction%3Dlightbox%26settings%3DeyJpZCI6NTQxLCJ1cmwiOiJodHRwczpcL1wvaHZlcmF2ZWxsaXIuaXNcL3dwLWNvbnRlbnRcL3VwbG9hZHNcLzIwMjJcLzAxXC9USGpvZmFkYWxpci0xMDI0eDY4My0xLmpwZyIsInNsaWRlc2hvdyI6IjNhMGVlMDNjIn0%3D\">\n\t\t\t\t\t<div class=\"e-gallery-image elementor-gallery-item__image\" data-thumbnail=\"https:\/\/hveravellir.is\/wp-content\/uploads\/2022\/01\/THjofadalir-1024x683-1.jpg\" data-width=\"1024\" data-height=\"683\" aria-label=\"\" role=\"img\" ><\/div>\n\t\t\t\t\t\t\t\t\t\t\t<div class=\"elementor-gallery-item__overlay\"><\/div>\n\t\t\t\t\t\t\t\t\t\t\t\t\t\t<\/a>\n\t\t\t\t\t\t\t<a class=\"e-gallery-item elementor-gallery-item elementor-animated-content\" href=\"https:\/\/hveravellir.is\/wp-content\/uploads\/2022\/01\/IMG_9512-1024x683-1.jpg\" data-elementor-open-lightbox=\"yes\" data-elementor-lightbox-slideshow=\"3a0ee03c\" data-elementor-lightbox-title=\"IMG_9512-1024x683\" data-e-action-hash=\"#elementor-action%3Aaction%3Dlightbox%26settings%3DeyJpZCI6NTQyLCJ1cmwiOiJodHRwczpcL1wvaHZlcmF2ZWxsaXIuaXNcL3dwLWNvbnRlbnRcL3VwbG9hZHNcLzIwMjJcLzAxXC9JTUdfOTUxMi0xMDI0eDY4My0xLmpwZyIsInNsaWRlc2hvdyI6IjNhMGVlMDNjIn0%3D\">\n\t\t\t\t\t<div class=\"e-gallery-image elementor-gallery-item__image\" data-thumbnail=\"https:\/\/hveravellir.is\/wp-content\/uploads\/2022\/01\/IMG_9512-1024x683-1.jpg\" data-width=\"1024\" data-height=\"683\" aria-label=\"\" role=\"img\" ><\/div>\n\t\t\t\t\t\t\t\t\t\t\t<div class=\"elementor-gallery-item__overlay\"><\/div>\n\t\t\t\t\t\t\t\t\t\t\t\t\t\t<\/a>\n\t\t\t\t\t\t\t<a class=\"e-gallery-item elementor-gallery-item elementor-animated-content\" href=\"https:\/\/hveravellir.is\/wp-content\/uploads\/2022\/01\/IMG_9504-1024x683-1.jpg\" data-elementor-open-lightbox=\"yes\" data-elementor-lightbox-slideshow=\"3a0ee03c\" data-elementor-lightbox-title=\"IMG_9504-1024x683\" data-e-action-hash=\"#elementor-action%3Aaction%3Dlightbox%26settings%3DeyJpZCI6NTQzLCJ1cmwiOiJodHRwczpcL1wvaHZlcmF2ZWxsaXIuaXNcL3dwLWNvbnRlbnRcL3VwbG9hZHNcLzIwMjJcLzAxXC9JTUdfOTUwNC0xMDI0eDY4My0xLmpwZyIsInNsaWRlc2hvdyI6IjNhMGVlMDNjIn0%3D\">\n\t\t\t\t\t<div class=\"e-gallery-image elementor-gallery-item__image\" data-thumbnail=\"https:\/\/hveravellir.is\/wp-content\/uploads\/2022\/01\/IMG_9504-1024x683-1.jpg\" data-width=\"1024\" data-height=\"683\" aria-label=\"\" role=\"img\" ><\/div>\n\t\t\t\t\t\t\t\t\t\t\t<div class=\"elementor-gallery-item__overlay\"><\/div>\n\t\t\t\t\t\t\t\t\t\t\t\t\t\t<\/a>\n\t\t\t\t\t\t\t<a class=\"e-gallery-item elementor-gallery-item elementor-animated-content\" href=\"https:\/\/hveravellir.is\/wp-content\/uploads\/2022\/01\/IMG_9495-1024x683-1.jpg\" data-elementor-open-lightbox=\"yes\" data-elementor-lightbox-slideshow=\"3a0ee03c\" data-elementor-lightbox-title=\"IMG_9495-1024x683\" data-e-action-hash=\"#elementor-action%3Aaction%3Dlightbox%26settings%3DeyJpZCI6NTQ0LCJ1cmwiOiJodHRwczpcL1wvaHZlcmF2ZWxsaXIuaXNcL3dwLWNvbnRlbnRcL3VwbG9hZHNcLzIwMjJcLzAxXC9JTUdfOTQ5NS0xMDI0eDY4My0xLmpwZyIsInNsaWRlc2hvdyI6IjNhMGVlMDNjIn0%3D\">\n\t\t\t\t\t<div class=\"e-gallery-image elementor-gallery-item__image\" data-thumbnail=\"https:\/\/hveravellir.is\/wp-content\/uploads\/2022\/01\/IMG_9495-1024x683-1.jpg\" data-width=\"1024\" data-height=\"683\" aria-label=\"\" role=\"img\" ><\/div>\n\t\t\t\t\t\t\t\t\t\t\t<div class=\"elementor-gallery-item__overlay\"><\/div>\n\t\t\t\t\t\t\t\t\t\t\t\t\t\t<\/a>\n\t\t\t\t\t\t\t<a class=\"e-gallery-item elementor-gallery-item elementor-animated-content\" href=\"https:\/\/hveravellir.is\/wp-content\/uploads\/2022\/01\/IMG_9488-1024x683-1.jpg\" data-elementor-open-lightbox=\"yes\" data-elementor-lightbox-slideshow=\"3a0ee03c\" data-elementor-lightbox-title=\"IMG_9488-1024x683\" data-e-action-hash=\"#elementor-action%3Aaction%3Dlightbox%26settings%3DeyJpZCI6NTQ1LCJ1cmwiOiJodHRwczpcL1wvaHZlcmF2ZWxsaXIuaXNcL3dwLWNvbnRlbnRcL3VwbG9hZHNcLzIwMjJcLzAxXC9JTUdfOTQ4OC0xMDI0eDY4My0xLmpwZyIsInNsaWRlc2hvdyI6IjNhMGVlMDNjIn0%3D\">\n\t\t\t\t\t<div class=\"e-gallery-image elementor-gallery-item__image\" data-thumbnail=\"https:\/\/hveravellir.is\/wp-content\/uploads\/2022\/01\/IMG_9488-1024x683-1.jpg\" data-width=\"1024\" data-height=\"683\" aria-label=\"\" role=\"img\" ><\/div>\n\t\t\t\t\t\t\t\t\t\t\t<div class=\"elementor-gallery-item__overlay\"><\/div>\n\t\t\t\t\t\t\t\t\t\t\t\t\t\t<\/a>\n\t\t\t\t\t\t\t<a class=\"e-gallery-item elementor-gallery-item elementor-animated-content\" href=\"https:\/\/hveravellir.is\/wp-content\/uploads\/2022\/01\/IMG_9477-1-1024x683-1.jpg\" data-elementor-open-lightbox=\"yes\" data-elementor-lightbox-slideshow=\"3a0ee03c\" data-elementor-lightbox-title=\"IMG_9477-1-1024x683\" data-e-action-hash=\"#elementor-action%3Aaction%3Dlightbox%26settings%3DeyJpZCI6NTQ2LCJ1cmwiOiJodHRwczpcL1wvaHZlcmF2ZWxsaXIuaXNcL3dwLWNvbnRlbnRcL3VwbG9hZHNcLzIwMjJcLzAxXC9JTUdfOTQ3Ny0xLTEwMjR4NjgzLTEuanBnIiwic2xpZGVzaG93IjoiM2EwZWUwM2MifQ%3D%3D\">\n\t\t\t\t\t<div class=\"e-gallery-image elementor-gallery-item__image\" data-thumbnail=\"https:\/\/hveravellir.is\/wp-content\/uploads\/2022\/01\/IMG_9477-1-1024x683-1.jpg\" data-width=\"1024\" data-height=\"683\" aria-label=\"\" role=\"img\" ><\/div>\n\t\t\t\t\t\t\t\t\t\t\t<div class=\"elementor-gallery-item__overlay\"><\/div>\n\t\t\t\t\t\t\t\t\t\t\t\t\t\t<\/a>\n\t\t\t\t\t\t\t<a class=\"e-gallery-item elementor-gallery-item elementor-animated-content\" href=\"https:\/\/hveravellir.is\/wp-content\/uploads\/2022\/01\/IMG_9465-1024x683-1.jpg\" data-elementor-open-lightbox=\"yes\" data-elementor-lightbox-slideshow=\"3a0ee03c\" data-elementor-lightbox-title=\"IMG_9465-1024x683\" data-e-action-hash=\"#elementor-action%3Aaction%3Dlightbox%26settings%3DeyJpZCI6NTQ3LCJ1cmwiOiJodHRwczpcL1wvaHZlcmF2ZWxsaXIuaXNcL3dwLWNvbnRlbnRcL3VwbG9hZHNcLzIwMjJcLzAxXC9JTUdfOTQ2NS0xMDI0eDY4My0xLmpwZyIsInNsaWRlc2hvdyI6IjNhMGVlMDNjIn0%3D\">\n\t\t\t\t\t<div class=\"e-gallery-image elementor-gallery-item__image\" data-thumbnail=\"https:\/\/hveravellir.is\/wp-content\/uploads\/2022\/01\/IMG_9465-1024x683-1.jpg\" data-width=\"1024\" data-height=\"683\" aria-label=\"\" role=\"img\" ><\/div>\n\t\t\t\t\t\t\t\t\t\t\t<div class=\"elementor-gallery-item__overlay\"><\/div>\n\t\t\t\t\t\t\t\t\t\t\t\t\t\t<\/a>\n\t\t\t\t\t\t\t<a class=\"e-gallery-item elementor-gallery-item elementor-animated-content\" href=\"https:\/\/hveravellir.is\/wp-content\/uploads\/2022\/01\/IMG_9460-1024x683-1.jpg\" data-elementor-open-lightbox=\"yes\" data-elementor-lightbox-slideshow=\"3a0ee03c\" data-elementor-lightbox-title=\"IMG_9460-1024x683\" data-e-action-hash=\"#elementor-action%3Aaction%3Dlightbox%26settings%3DeyJpZCI6NTQ4LCJ1cmwiOiJodHRwczpcL1wvaHZlcmF2ZWxsaXIuaXNcL3dwLWNvbnRlbnRcL3VwbG9hZHNcLzIwMjJcLzAxXC9JTUdfOTQ2MC0xMDI0eDY4My0xLmpwZyIsInNsaWRlc2hvdyI6IjNhMGVlMDNjIn0%3D\">\n\t\t\t\t\t<div class=\"e-gallery-image elementor-gallery-item__image\" data-thumbnail=\"https:\/\/hveravellir.is\/wp-content\/uploads\/2022\/01\/IMG_9460-1024x683-1.jpg\" data-width=\"1024\" data-height=\"683\" aria-label=\"\" role=\"img\" ><\/div>\n\t\t\t\t\t\t\t\t\t\t\t<div class=\"elementor-gallery-item__overlay\"><\/div>\n\t\t\t\t\t\t\t\t\t\t\t\t\t\t<\/a>\n\t\t\t\t\t<\/div>\n\t\t\t\t\t<\/div>\n\t\t\t\t<\/div>\n\t\t\t\t\t<\/div>\n\t\t<\/div>\n\t\t\t\t\t<\/div>\n\t\t<\/section>\n\t\t\t\t<\/div>\n\t\t","protected":false},"excerpt":{"rendered":"<p>\u00dej\u00f3fadalir, \u00fea\u00f0 hlj\u00f3mar \u00ed nafni \u00feessu sk\u00fdring \u00e1 \u00fev\u00ed hvers vegan b\u00e6ndum fort\u00ed\u00f0ar var meinilla vi\u00f0 h\u00e1lendi\u00f0. \u00dear h\u00f6f\u00f0ust \u00feeir vi\u00f0 sem illa \u00feoldu dagslj\u00f3si\u00f0 s\u00fdslumannanna. \u00cd \u00fej\u00f3fad\u00f6lum er tali\u00f0 a\u00f0 sau\u00f0a\u00fej\u00f3far hafi fali\u00f0 sig fr\u00e1 l\u00f6gunum h\u00e9r \u00e1\u00f0ur fyrr. Sl\u00f3\u00f0in er afl\u00ed\u00f0andi mest yfir flatlendi fyrst yfir hrauni\u00f0 og svo taka vi\u00f0 gr\u00f3nar sl\u00e9ttur [&hellip;]<\/p>\n","protected":false},"author":1,"featured_media":0,"parent":0,"menu_order":0,"comment_status":"closed","ping_status":"closed","template":"","meta":{"footnotes":""},"class_list":["post-1262","page","type-page","status-publish","hentry"],"blocksy_meta":{"styles_descriptor":{"styles":{"desktop":"","tablet":"","mobile":""},"google_fonts":[],"version":6}},"_links":{"self":[{"href":"https:\/\/hveravellir.is\/is\/wp-json\/wp\/v2\/pages\/1262","targetHints":{"allow":["GET"]}}],"collection":[{"href":"https:\/\/hveravellir.is\/is\/wp-json\/wp\/v2\/pages"}],"about":[{"href":"https:\/\/hveravellir.is\/is\/wp-json\/wp\/v2\/types\/page"}],"author":[{"embeddable":true,"href":"https:\/\/hveravellir.is\/is\/wp-json\/wp\/v2\/users\/1"}],"replies":[{"embeddable":true,"href":"https:\/\/hveravellir.is\/is\/wp-json\/wp\/v2\/comments?post=1262"}],"version-history":[{"count":5,"href":"https:\/\/hveravellir.is\/is\/wp-json\/wp\/v2\/pages\/1262\/revisions"}],"predecessor-version":[{"id":1269,"href":"https:\/\/hveravellir.is\/is\/wp-json\/wp\/v2\/pages\/1262\/revisions\/1269"}],"wp:attachment":[{"href":"https:\/\/hveravellir.is\/is\/wp-json\/wp\/v2\/media?parent=1262"}],"curies":[{"name":"wp","href":"https:\/\/api.w.org\/{rel}","templated":true}]}}