{"id":1256,"date":"2022-01-10T14:23:42","date_gmt":"2022-01-10T14:23:42","guid":{"rendered":"https:\/\/hveravellir.is\/graena-slodin\/"},"modified":"2022-01-10T14:23:43","modified_gmt":"2022-01-10T14:23:43","slug":"graena-slodin","status":"publish","type":"page","link":"https:\/\/hveravellir.is\/is\/graena-slodin\/","title":{"rendered":"GR\u00c6NA SL\u00d3\u00d0IN"},"content":{"rendered":"\t\t<div data-elementor-type=\"wp-page\" data-elementor-id=\"1256\" class=\"elementor elementor-1256 elementor-505\" data-elementor-post-type=\"page\">\n\t\t\t\t\t\t<section class=\"elementor-section elementor-top-section elementor-element elementor-element-2eb9c2a elementor-section-boxed elementor-section-height-default elementor-section-height-default\" data-id=\"2eb9c2a\" data-element_type=\"section\" data-e-type=\"section\">\n\t\t\t\t\t\t<div class=\"elementor-container elementor-column-gap-default\">\n\t\t\t\t\t<div class=\"elementor-column elementor-col-100 elementor-top-column elementor-element elementor-element-f38e8cf\" data-id=\"f38e8cf\" data-element_type=\"column\" data-e-type=\"column\">\n\t\t\t<div class=\"elementor-widget-wrap elementor-element-populated\">\n\t\t\t\t\t\t<div class=\"elementor-element elementor-element-64493a3 elementor-widget elementor-widget-spacer\" data-id=\"64493a3\" data-element_type=\"widget\" data-e-type=\"widget\" data-widget_type=\"spacer.default\">\n\t\t\t\t<div class=\"elementor-widget-container\">\n\t\t\t\t\t\t\t<div class=\"elementor-spacer\">\n\t\t\t<div class=\"elementor-spacer-inner\"><\/div>\n\t\t<\/div>\n\t\t\t\t\t\t<\/div>\n\t\t\t\t<\/div>\n\t\t\t\t<div class=\"elementor-element elementor-element-e1da8ae elementor-widget elementor-widget-image\" data-id=\"e1da8ae\" data-element_type=\"widget\" data-e-type=\"widget\" data-widget_type=\"image.default\">\n\t\t\t\t<div class=\"elementor-widget-container\">\n\t\t\t\t\t\t\t\t\t\t\t\t\t\t\t<img fetchpriority=\"high\" decoding=\"async\" width=\"900\" height=\"600\" src=\"https:\/\/hveravellir.is\/wp-content\/uploads\/2022\/01\/IMG_8934-900x600-1.jpg\" class=\"attachment-large size-large wp-image-1155\" alt=\"\" srcset=\"https:\/\/hveravellir.is\/wp-content\/uploads\/2022\/01\/IMG_8934-900x600-1.jpg 900w, https:\/\/hveravellir.is\/wp-content\/uploads\/2022\/01\/IMG_8934-900x600-1-300x200.jpg 300w, https:\/\/hveravellir.is\/wp-content\/uploads\/2022\/01\/IMG_8934-900x600-1-768x512.jpg 768w\" sizes=\"(max-width: 900px) 100vw, 900px\" \/>\t\t\t\t\t\t\t\t\t\t\t\t\t\t\t<\/div>\n\t\t\t\t<\/div>\n\t\t\t\t<div class=\"elementor-element elementor-element-cd7c491 elementor-widget elementor-widget-spacer\" data-id=\"cd7c491\" data-element_type=\"widget\" data-e-type=\"widget\" data-widget_type=\"spacer.default\">\n\t\t\t\t<div class=\"elementor-widget-container\">\n\t\t\t\t\t\t\t<div class=\"elementor-spacer\">\n\t\t\t<div class=\"elementor-spacer-inner\"><\/div>\n\t\t<\/div>\n\t\t\t\t\t\t<\/div>\n\t\t\t\t<\/div>\n\t\t\t\t<div class=\"elementor-element elementor-element-f3bc759 elementor-widget elementor-widget-text-editor\" data-id=\"f3bc759\" data-element_type=\"widget\" data-e-type=\"widget\" data-widget_type=\"text-editor.default\">\n\t\t\t\t<div class=\"elementor-widget-container\">\n\t\t\t\t\t\t\t\t\t<p>Gr\u00e6na Sl\u00f3\u00f0in liggur um s\u00f6gusvi\u00f0 Fjalla-Eyvindar okkar fr\u00e6gasta \u00fatilegumanns sem f\u00e6ddur var \u00e1ri\u00f0 1714. \u00dea\u00f0 er ekki alveg vita\u00f0 afhverju hann og l\u00edfsf\u00f6runautur hans Halla v\u00f6ldu a\u00f0 fl\u00fdja \u00e1 vit fjallanna sennilega um 1760 og ey\u00f0a \u00fear n\u00e6stu tveimur \u00e1ratugunum sem \u00fatilegumenn. \u00deau \u00fev\u00e6ldust v\u00ed\u00f0a um hina \u00cdslensku fjallasali og dv\u00f6ldu mislengi \u00e1 hverjum sta\u00f0. Eyvindarhver sem hefur fasta vi\u00f0veru \u00e1 hverasv\u00e6\u00f0inu \u00e1 Hverav\u00f6llum er eitt af kennileitum sem segja til um fer\u00f0ir \u00feeirra. En \u00feau eru m\u00f6rg fleiri v\u00ed\u00f0svegar um \u00f6r\u00e6fin.    <\/p>\n<p>Gr\u00e6na Sl\u00f3\u00f0in liggur fr\u00e1 hverasv\u00e6\u00f0inu framhj\u00e1 torf og grj\u00f3t skj\u00f3linu \u00fev\u00ed fyrsta sem gangnamenn s\u00ed\u00f0ari t\u00edma reistu \u00e1 Hverav\u00f6llum og \u00fea\u00f0an \u00e1fram a\u00f0 Eyvindarhelli \u00fear sem \u00feau sk\u00f6tuhj\u00fa f\u00f6ldu sig me\u00f0 sitt illa fengna sau\u00f0f\u00e9 sem h\u00e9lt \u00feeim jafnt og \u00f6\u00f0rum landsm\u00f6nnum \u00e1 l\u00edfi vi\u00f0 hin h\u00f6r\u00f0u skilyr\u00f0i. Sl\u00f3\u00f0in li\u00f0ast svo \u00e1fram um hrauni\u00f0 inn a\u00f0 Eyvindarr\u00e9tt st\u00f3rri hraunmyndun sem er eiginlega tilb\u00fain fj\u00e1rr\u00e9tt af n\u00e1tt\u00farunnar hendi.  <\/p>\n<p>Sl\u00f3\u00f0in hlykkjast um hraun og mosafl\u00e1ka og af og til br\u00fdst hiti undirheimana upp \u00e1 yfirbor\u00f0i\u00f0. Fuglal\u00edf getur veri\u00f0 talsvert \u00ed hrauninu en svo geta menn l\u00edka rekist \u00e1 t\u00f3fu sem keppir um sv\u00e6\u00f0i\u00f0 vi\u00f0 fuglinn. G\u00f6ngulei\u00f0in \u00e1 upphaf sitt efst \u00e1 hverasv\u00e6\u00f0inu e\u00f0a su\u00f0vestur kantinum. \u00dear er a\u00f0 finna minningu um \u00fatilegumenninna og og fornar r\u00fastir fr\u00e1 \u00feeirra t\u00edmum. Gr\u00e6na sl\u00f3\u00f0in er au\u00f0fundin og stiku\u00f0 og \u00fe\u00e1 a\u00f0 sj\u00e1lfs\u00f6g\u00f0u me\u00f0 gr\u00e6num stikum. <\/p>\n\t\t\t\t\t\t\t\t<\/div>\n\t\t\t\t<\/div>\n\t\t\t\t<div class=\"elementor-element elementor-element-238dae2 elementor-widget elementor-widget-spacer\" data-id=\"238dae2\" data-element_type=\"widget\" data-e-type=\"widget\" data-widget_type=\"spacer.default\">\n\t\t\t\t<div class=\"elementor-widget-container\">\n\t\t\t\t\t\t\t<div class=\"elementor-spacer\">\n\t\t\t<div class=\"elementor-spacer-inner\"><\/div>\n\t\t<\/div>\n\t\t\t\t\t\t<\/div>\n\t\t\t\t<\/div>\n\t\t\t\t\t<\/div>\n\t\t<\/div>\n\t\t\t\t\t<\/div>\n\t\t<\/section>\n\t\t\t\t<section class=\"elementor-section elementor-top-section elementor-element elementor-element-b0e6ce6 elementor-section-boxed elementor-section-height-default elementor-section-height-default\" data-id=\"b0e6ce6\" data-element_type=\"section\" data-e-type=\"section\">\n\t\t\t\t\t\t<div class=\"elementor-container elementor-column-gap-default\">\n\t\t\t\t\t<div class=\"elementor-column elementor-col-100 elementor-top-column elementor-element elementor-element-7942fef\" data-id=\"7942fef\" data-element_type=\"column\" data-e-type=\"column\">\n\t\t\t<div class=\"elementor-widget-wrap elementor-element-populated\">\n\t\t\t\t\t\t<div class=\"elementor-element elementor-element-e5e103e elementor-widget elementor-widget-gallery\" data-id=\"e5e103e\" data-element_type=\"widget\" data-e-type=\"widget\" data-settings=\"{&quot;columns&quot;:3,&quot;lazyload&quot;:&quot;yes&quot;,&quot;gallery_layout&quot;:&quot;grid&quot;,&quot;columns_tablet&quot;:2,&quot;columns_mobile&quot;:1,&quot;gap&quot;:{&quot;unit&quot;:&quot;px&quot;,&quot;size&quot;:10,&quot;sizes&quot;:[]},&quot;gap_tablet&quot;:{&quot;unit&quot;:&quot;px&quot;,&quot;size&quot;:10,&quot;sizes&quot;:[]},&quot;gap_mobile&quot;:{&quot;unit&quot;:&quot;px&quot;,&quot;size&quot;:10,&quot;sizes&quot;:[]},&quot;link_to&quot;:&quot;file&quot;,&quot;aspect_ratio&quot;:&quot;3:2&quot;,&quot;overlay_background&quot;:&quot;yes&quot;,&quot;content_hover_animation&quot;:&quot;fade-in&quot;}\" data-widget_type=\"gallery.default\">\n\t\t\t\t<div class=\"elementor-widget-container\">\n\t\t\t\t\t\t\t<div class=\"elementor-gallery__container\">\n\t\t\t\t\t\t\t<a class=\"e-gallery-item elementor-gallery-item elementor-animated-content\" href=\"https:\/\/hveravellir.is\/wp-content\/uploads\/2022\/01\/slideb2-1024x492-1.jpg\" data-elementor-open-lightbox=\"yes\" data-elementor-lightbox-slideshow=\"e5e103e\" data-elementor-lightbox-title=\"slideb2-1024x492\" data-e-action-hash=\"#elementor-action%3Aaction%3Dlightbox%26settings%3DeyJpZCI6NTA4LCJ1cmwiOiJodHRwczpcL1wvaHZlcmF2ZWxsaXIuaXNcL3dwLWNvbnRlbnRcL3VwbG9hZHNcLzIwMjJcLzAxXC9zbGlkZWIyLTEwMjR4NDkyLTEuanBnIiwic2xpZGVzaG93IjoiZTVlMTAzZSJ9\">\n\t\t\t\t\t<div class=\"e-gallery-image elementor-gallery-item__image\" data-thumbnail=\"https:\/\/hveravellir.is\/wp-content\/uploads\/2022\/01\/slideb2-1024x492-1-300x144.jpg\" data-width=\"300\" data-height=\"144\" aria-label=\"\" role=\"img\" ><\/div>\n\t\t\t\t\t\t\t\t\t\t\t<div class=\"elementor-gallery-item__overlay\"><\/div>\n\t\t\t\t\t\t\t\t\t\t\t\t\t\t<\/a>\n\t\t\t\t\t\t\t<a class=\"e-gallery-item elementor-gallery-item elementor-animated-content\" href=\"https:\/\/hveravellir.is\/wp-content\/uploads\/2022\/01\/IMG_9186-1024x683-1.jpg\" data-elementor-open-lightbox=\"yes\" data-elementor-lightbox-slideshow=\"e5e103e\" data-elementor-lightbox-title=\"IMG_9186-1024x683\" data-e-action-hash=\"#elementor-action%3Aaction%3Dlightbox%26settings%3DeyJpZCI6NTA5LCJ1cmwiOiJodHRwczpcL1wvaHZlcmF2ZWxsaXIuaXNcL3dwLWNvbnRlbnRcL3VwbG9hZHNcLzIwMjJcLzAxXC9JTUdfOTE4Ni0xMDI0eDY4My0xLmpwZyIsInNsaWRlc2hvdyI6ImU1ZTEwM2UifQ%3D%3D\">\n\t\t\t\t\t<div class=\"e-gallery-image elementor-gallery-item__image\" data-thumbnail=\"https:\/\/hveravellir.is\/wp-content\/uploads\/2022\/01\/IMG_9186-1024x683-1-300x200.jpg\" data-width=\"300\" data-height=\"200\" aria-label=\"\" role=\"img\" ><\/div>\n\t\t\t\t\t\t\t\t\t\t\t<div class=\"elementor-gallery-item__overlay\"><\/div>\n\t\t\t\t\t\t\t\t\t\t\t\t\t\t<\/a>\n\t\t\t\t\t\t\t<a class=\"e-gallery-item elementor-gallery-item elementor-animated-content\" href=\"https:\/\/hveravellir.is\/wp-content\/uploads\/2022\/01\/IMG_8917-1024x683-1.jpg\" data-elementor-open-lightbox=\"yes\" data-elementor-lightbox-slideshow=\"e5e103e\" data-elementor-lightbox-title=\"IMG_8917-1024x683\" data-e-action-hash=\"#elementor-action%3Aaction%3Dlightbox%26settings%3DeyJpZCI6NTEwLCJ1cmwiOiJodHRwczpcL1wvaHZlcmF2ZWxsaXIuaXNcL3dwLWNvbnRlbnRcL3VwbG9hZHNcLzIwMjJcLzAxXC9JTUdfODkxNy0xMDI0eDY4My0xLmpwZyIsInNsaWRlc2hvdyI6ImU1ZTEwM2UifQ%3D%3D\">\n\t\t\t\t\t<div class=\"e-gallery-image elementor-gallery-item__image\" data-thumbnail=\"https:\/\/hveravellir.is\/wp-content\/uploads\/2022\/01\/IMG_8917-1024x683-1-300x200.jpg\" data-width=\"300\" data-height=\"200\" aria-label=\"\" role=\"img\" ><\/div>\n\t\t\t\t\t\t\t\t\t\t\t<div class=\"elementor-gallery-item__overlay\"><\/div>\n\t\t\t\t\t\t\t\t\t\t\t\t\t\t<\/a>\n\t\t\t\t\t\t\t<a class=\"e-gallery-item elementor-gallery-item elementor-animated-content\" href=\"https:\/\/hveravellir.is\/wp-content\/uploads\/2022\/01\/IMG_8910-1024x683-1.jpg\" data-elementor-open-lightbox=\"yes\" data-elementor-lightbox-slideshow=\"e5e103e\" data-elementor-lightbox-title=\"IMG_8910-1024x683\" data-e-action-hash=\"#elementor-action%3Aaction%3Dlightbox%26settings%3DeyJpZCI6NTExLCJ1cmwiOiJodHRwczpcL1wvaHZlcmF2ZWxsaXIuaXNcL3dwLWNvbnRlbnRcL3VwbG9hZHNcLzIwMjJcLzAxXC9JTUdfODkxMC0xMDI0eDY4My0xLmpwZyIsInNsaWRlc2hvdyI6ImU1ZTEwM2UifQ%3D%3D\">\n\t\t\t\t\t<div class=\"e-gallery-image elementor-gallery-item__image\" data-thumbnail=\"https:\/\/hveravellir.is\/wp-content\/uploads\/2022\/01\/IMG_8910-1024x683-1-300x200.jpg\" data-width=\"300\" data-height=\"200\" aria-label=\"\" role=\"img\" ><\/div>\n\t\t\t\t\t\t\t\t\t\t\t<div class=\"elementor-gallery-item__overlay\"><\/div>\n\t\t\t\t\t\t\t\t\t\t\t\t\t\t<\/a>\n\t\t\t\t\t\t\t<a class=\"e-gallery-item elementor-gallery-item elementor-animated-content\" href=\"https:\/\/hveravellir.is\/wp-content\/uploads\/2022\/01\/IMG_8872-1024x683-1.jpg\" data-elementor-open-lightbox=\"yes\" data-elementor-lightbox-slideshow=\"e5e103e\" data-elementor-lightbox-title=\"IMG_8872-1024x683\" data-e-action-hash=\"#elementor-action%3Aaction%3Dlightbox%26settings%3DeyJpZCI6NTEyLCJ1cmwiOiJodHRwczpcL1wvaHZlcmF2ZWxsaXIuaXNcL3dwLWNvbnRlbnRcL3VwbG9hZHNcLzIwMjJcLzAxXC9JTUdfODg3Mi0xMDI0eDY4My0xLmpwZyIsInNsaWRlc2hvdyI6ImU1ZTEwM2UifQ%3D%3D\">\n\t\t\t\t\t<div class=\"e-gallery-image elementor-gallery-item__image\" data-thumbnail=\"https:\/\/hveravellir.is\/wp-content\/uploads\/2022\/01\/IMG_8872-1024x683-1-300x200.jpg\" data-width=\"300\" data-height=\"200\" aria-label=\"\" role=\"img\" ><\/div>\n\t\t\t\t\t\t\t\t\t\t\t<div class=\"elementor-gallery-item__overlay\"><\/div>\n\t\t\t\t\t\t\t\t\t\t\t\t\t\t<\/a>\n\t\t\t\t\t\t\t<a class=\"e-gallery-item elementor-gallery-item elementor-animated-content\" href=\"https:\/\/hveravellir.is\/wp-content\/uploads\/2022\/01\/IMG_8934-900x600-2.jpg\" data-elementor-open-lightbox=\"yes\" data-elementor-lightbox-slideshow=\"e5e103e\" data-elementor-lightbox-title=\"IMG_8934-900x600\" data-e-action-hash=\"#elementor-action%3Aaction%3Dlightbox%26settings%3DeyJpZCI6NTE0LCJ1cmwiOiJodHRwczpcL1wvaHZlcmF2ZWxsaXIuaXNcL3dwLWNvbnRlbnRcL3VwbG9hZHNcLzIwMjJcLzAxXC9JTUdfODkzNC05MDB4NjAwLTIuanBnIiwic2xpZGVzaG93IjoiZTVlMTAzZSJ9\">\n\t\t\t\t\t<div class=\"e-gallery-image elementor-gallery-item__image\" data-thumbnail=\"https:\/\/hveravellir.is\/wp-content\/uploads\/2022\/01\/IMG_8934-900x600-2-300x200.jpg\" data-width=\"300\" data-height=\"200\" aria-label=\"\" role=\"img\" ><\/div>\n\t\t\t\t\t\t\t\t\t\t\t<div class=\"elementor-gallery-item__overlay\"><\/div>\n\t\t\t\t\t\t\t\t\t\t\t\t\t\t<\/a>\n\t\t\t\t\t<\/div>\n\t\t\t\t\t<\/div>\n\t\t\t\t<\/div>\n\t\t\t\t\t<\/div>\n\t\t<\/div>\n\t\t\t\t\t<\/div>\n\t\t<\/section>\n\t\t\t\t<\/div>\n\t\t","protected":false},"excerpt":{"rendered":"<p>Gr\u00e6na Sl\u00f3\u00f0in liggur um s\u00f6gusvi\u00f0 Fjalla-Eyvindar okkar fr\u00e6gasta \u00fatilegumanns sem f\u00e6ddur var \u00e1ri\u00f0 1714. \u00dea\u00f0 er ekki alveg vita\u00f0 afhverju hann og l\u00edfsf\u00f6runautur hans Halla v\u00f6ldu a\u00f0 fl\u00fdja \u00e1 vit fjallanna sennilega um 1760 og ey\u00f0a \u00fear n\u00e6stu tveimur \u00e1ratugunum sem \u00fatilegumenn. \u00deau \u00fev\u00e6ldust v\u00ed\u00f0a um hina \u00cdslensku fjallasali og dv\u00f6ldu mislengi \u00e1 hverjum sta\u00f0. [&hellip;]<\/p>\n","protected":false},"author":1,"featured_media":0,"parent":0,"menu_order":0,"comment_status":"closed","ping_status":"closed","template":"","meta":{"footnotes":""},"class_list":["post-1256","page","type-page","status-publish","hentry"],"blocksy_meta":{"styles_descriptor":{"styles":{"desktop":"","tablet":"","mobile":""},"google_fonts":[],"version":6}},"_links":{"self":[{"href":"https:\/\/hveravellir.is\/is\/wp-json\/wp\/v2\/pages\/1256","targetHints":{"allow":["GET"]}}],"collection":[{"href":"https:\/\/hveravellir.is\/is\/wp-json\/wp\/v2\/pages"}],"about":[{"href":"https:\/\/hveravellir.is\/is\/wp-json\/wp\/v2\/types\/page"}],"author":[{"embeddable":true,"href":"https:\/\/hveravellir.is\/is\/wp-json\/wp\/v2\/users\/1"}],"replies":[{"embeddable":true,"href":"https:\/\/hveravellir.is\/is\/wp-json\/wp\/v2\/comments?post=1256"}],"version-history":[{"count":4,"href":"https:\/\/hveravellir.is\/is\/wp-json\/wp\/v2\/pages\/1256\/revisions"}],"predecessor-version":[{"id":1261,"href":"https:\/\/hveravellir.is\/is\/wp-json\/wp\/v2\/pages\/1256\/revisions\/1261"}],"wp:attachment":[{"href":"https:\/\/hveravellir.is\/is\/wp-json\/wp\/v2\/media?parent=1256"}],"curies":[{"name":"wp","href":"https:\/\/api.w.org\/{rel}","templated":true}]}}