{"id":1253,"date":"2022-01-10T14:14:13","date_gmt":"2022-01-10T14:14:13","guid":{"rendered":"https:\/\/hveravellir.is\/skilmalar\/"},"modified":"2026-03-10T19:49:31","modified_gmt":"2026-03-10T19:49:31","slug":"skilmalar","status":"publish","type":"page","link":"https:\/\/hveravellir.is\/is\/skilmalar\/","title":{"rendered":"Skilm\u00e1lar"},"content":{"rendered":"\t\t<div data-elementor-type=\"wp-page\" data-elementor-id=\"1253\" class=\"elementor elementor-1253 elementor-590\" data-elementor-post-type=\"page\">\n\t\t\t\t\t\t<section class=\"elementor-section elementor-top-section elementor-element elementor-element-006a224 elementor-section-boxed elementor-section-height-default elementor-section-height-default\" data-id=\"006a224\" data-element_type=\"section\" data-e-type=\"section\">\n\t\t\t\t\t\t<div class=\"elementor-container elementor-column-gap-default\">\n\t\t\t\t\t<div class=\"elementor-column elementor-col-100 elementor-top-column elementor-element elementor-element-d844a29\" data-id=\"d844a29\" data-element_type=\"column\" data-e-type=\"column\">\n\t\t\t<div class=\"elementor-widget-wrap elementor-element-populated\">\n\t\t\t\t\t\t<div class=\"elementor-element elementor-element-cdd4bb0 elementor-widget elementor-widget-text-editor\" data-id=\"cdd4bb0\" data-element_type=\"widget\" data-e-type=\"widget\" data-widget_type=\"text-editor.default\">\n\t\t\t\t<div class=\"elementor-widget-container\">\n\t\t\t\t\t\t\t\t\t<div class=\"row\">\n<div class=\"col-md-12 page-content\">\n<p><strong>Terms<\/strong><\/p>\n<p>Payment is to be made by VISA or MASTERCARD when booking is made.<\/p>\n<p>Refund is as follows:<br \/>14 days or more before arrival 80% of the amount<br \/>7-14 days before arrival 50% of the amount<br \/>One week or less \u2013 no refund<br \/>In the event of \u201eno show\u201c there is no refund<\/p>\n<p>Check in time is generally 16:00 PM. Check out time is 10:00 AM<\/p>\n<p>If you expect to arrive at a later time than 19:00 hrs. Please inform us in your booking or by telephone on your day of arrival.<\/p>\n<p>Children 4 years old and younger stay for free if in the same bed as parents.<\/p>\n<p>Children 5-16 years old get 50% discount per night.<\/p>\n<p>Please note that Hveravellir holds no responsibility for the possessions of our guests stored at the Huts.<\/p>\n<p><strong>Skilm\u00e1lar<\/strong><\/p>\n<p>B\u00f3kun \u00ed gistingu er ekki sta\u00f0fest fyrr en h\u00fan hefur veri\u00f0 greidd. H\u00e6gt er a\u00f0 grei\u00f0a me\u00f0 helstu grei\u00f0slukortum e\u00f0a bankamillif\u00e6rslu.<\/p>\n<p>Endurgrei\u00f0sluskilm\u00e1lar eru sem h\u00e9r segir:<br \/>14 d\u00f6gum e\u00f0a lengur fyrir b\u00f3ka\u00f0a gistingu 80% af upph\u00e6\u00f0 endurgrei\u00f0ist.<br \/>7-14 d\u00f6gum fyrir 50% af upph\u00e6\u00f0.<br \/>Vika e\u00f0a minna \u2013 engin endurgrei\u00f0sla.<br \/>Ef ekki er m\u00e6tt \u00fe\u00e1 endurgrei\u00f0ist ekkert.<\/p>\n<p>Gistir\u00fdmi er a\u00f0 \u00f6llu j\u00f6fnu tilb\u00fai\u00f0 ekki seinna en klukkan 16:00 \u2013 R\u00fdma skal gistir\u00fdmi klukkan 10:00<\/p>\n<p>Ef gert er r\u00e1\u00f0 fyrir \u00fev\u00ed a\u00f0 m\u00e6ta eftir klukkan 19:00 \u00fearf a\u00f0 l\u00e1ta vita me\u00f0 fyrirvara.<\/p>\n<p>B\u00f6rn 4 \u00e1ra og yngri gista fr\u00edtt ef \u00ed sama r\u00fami og foreldrar.<\/p>\n<p>B\u00f6rn 5 \u2013 16 \u00e1ra f\u00e1 50% afsl\u00e1tt.<\/p>\n<p>Athugi\u00f0 a\u00f0 engin \u00e1byrg\u00f0 er tekin \u00e1 farangri e\u00f0a eigum gesta.<\/p>\n<\/div>\n<\/div>\n\t\t\t\t\t\t\t\t<\/div>\n\t\t\t\t<\/div>\n\t\t\t\t\t<\/div>\n\t\t<\/div>\n\t\t\t\t\t<\/div>\n\t\t<\/section>\n\t\t\t\t<\/div>\n\t\t","protected":false},"excerpt":{"rendered":"<p>Terms Payment is to be made by VISA or MASTERCARD when booking is made. Refund is as follows:14 days or more before arrival 80% of the amount7-14 days before arrival 50% of the amountOne week or less \u2013 no refundIn the event of \u201eno show\u201c there is no refund Check in time is generally 16:00 [&hellip;]<\/p>\n","protected":false},"author":1,"featured_media":0,"parent":0,"menu_order":0,"comment_status":"closed","ping_status":"closed","template":"","meta":{"footnotes":""},"class_list":["post-1253","page","type-page","status-publish","hentry"],"blocksy_meta":{"styles_descriptor":{"styles":{"desktop":"","tablet":"","mobile":""},"google_fonts":[],"version":6}},"_links":{"self":[{"href":"https:\/\/hveravellir.is\/is\/wp-json\/wp\/v2\/pages\/1253","targetHints":{"allow":["GET"]}}],"collection":[{"href":"https:\/\/hveravellir.is\/is\/wp-json\/wp\/v2\/pages"}],"about":[{"href":"https:\/\/hveravellir.is\/is\/wp-json\/wp\/v2\/types\/page"}],"author":[{"embeddable":true,"href":"https:\/\/hveravellir.is\/is\/wp-json\/wp\/v2\/users\/1"}],"replies":[{"embeddable":true,"href":"https:\/\/hveravellir.is\/is\/wp-json\/wp\/v2\/comments?post=1253"}],"version-history":[{"count":5,"href":"https:\/\/hveravellir.is\/is\/wp-json\/wp\/v2\/pages\/1253\/revisions"}],"predecessor-version":[{"id":3093,"href":"https:\/\/hveravellir.is\/is\/wp-json\/wp\/v2\/pages\/1253\/revisions\/3093"}],"wp:attachment":[{"href":"https:\/\/hveravellir.is\/is\/wp-json\/wp\/v2\/media?parent=1253"}],"curies":[{"name":"wp","href":"https:\/\/api.w.org\/{rel}","templated":true}]}}