{"id":1240,"date":"2022-01-10T14:10:24","date_gmt":"2022-01-10T14:10:24","guid":{"rendered":"https:\/\/hveravellir.is\/thjonustumidstodin\/"},"modified":"2025-01-04T23:58:09","modified_gmt":"2025-01-04T23:58:09","slug":"thjonustumidstodin","status":"publish","type":"page","link":"https:\/\/hveravellir.is\/is\/thjonustumidstodin\/","title":{"rendered":"\u00deJ\u00d3NUSTUMI\u00d0ST\u00d6\u00d0IN"},"content":{"rendered":"\t\t<div data-elementor-type=\"wp-page\" data-elementor-id=\"1240\" class=\"elementor elementor-1240 elementor-378\" data-elementor-post-type=\"page\">\n\t\t\t\t\t\t<section class=\"elementor-section elementor-top-section elementor-element elementor-element-118a585 elementor-section-content-middle elementor-section-boxed elementor-section-height-default elementor-section-height-default\" data-id=\"118a585\" data-element_type=\"section\" data-e-type=\"section\">\n\t\t\t\t\t\t<div class=\"elementor-container elementor-column-gap-default\">\n\t\t\t\t\t<div class=\"elementor-column elementor-col-50 elementor-top-column elementor-element elementor-element-97a7c1e\" data-id=\"97a7c1e\" data-element_type=\"column\" data-e-type=\"column\">\n\t\t\t<div class=\"elementor-widget-wrap elementor-element-populated\">\n\t\t\t\t\t\t<div class=\"elementor-element elementor-element-b7659ed elementor-widget elementor-widget-spacer\" data-id=\"b7659ed\" data-element_type=\"widget\" data-e-type=\"widget\" data-widget_type=\"spacer.default\">\n\t\t\t\t<div class=\"elementor-widget-container\">\n\t\t\t\t\t\t\t<div class=\"elementor-spacer\">\n\t\t\t<div class=\"elementor-spacer-inner\"><\/div>\n\t\t<\/div>\n\t\t\t\t\t\t<\/div>\n\t\t\t\t<\/div>\n\t\t\t\t<div class=\"elementor-element elementor-element-6d78546 elementor-widget elementor-widget-text-editor\" data-id=\"6d78546\" data-element_type=\"widget\" data-e-type=\"widget\" data-widget_type=\"text-editor.default\">\n\t\t\t\t<div class=\"elementor-widget-container\">\n\t\t\t\t\t\t\t\t\t<p>\u00dej\u00f3nustumi\u00f0st\u00f6\u00f0 fyrir Hveravelli er sta\u00f0sett \u00ed N\u00fdja Sk\u00e1la. \u00dear getur \u00fe\u00fa n\u00e1lgast allar uppl\u00fdsingar um sv\u00e6\u00f0i\u00f0. Einnig er \u00fear a\u00f0 finna hl\u00fdlegan Veitingasta\u00f0 \/ Bar \/ Internet kaffih\u00fas.<\/p><p>Morgunver\u00f0ur er \u00fear \u00ed bo\u00f0i fr\u00e1 klukkan 8:00 til 10:00 yfir sumart\u00edmann en yfir vetrart\u00edmann meira bara \u00e1 \u00feeim t\u00edma sem hentar \u00fe\u00e9r.<\/p><p>Fr\u00e1 10:00 til klukkan 21:00 er s\u00ed\u00f0an h\u00e6gt a\u00f0 velja af matse\u00f0li \u00fdmislegt g\u00f3\u00f0g\u00e6ti b\u00e6\u00f0i fyrir l\u00edti\u00f0 svanga e\u00f0a glorhungra\u00f0a og au\u00f0vita\u00f0 l\u00edka \u00fdmislegt fyrir s\u00e6lkerana \u00ed h\u00f3pnum.\u00a0<\/p><p>\u00c1 barnum eru \u00ed bo\u00f0i drykkir og s\u00fakkula\u00f0i og anna\u00f0 sm\u00e1legt.<\/p><p>Afgrei\u00f0slan fyrir sturturnar kl\u00f3settin og laugina er einnig \u00ed \u00dej\u00f3nustumi\u00f0st\u00f6\u00f0inni.<\/p>\t\t\t\t\t\t\t\t<\/div>\n\t\t\t\t<\/div>\n\t\t\t\t\t<\/div>\n\t\t<\/div>\n\t\t\t\t<div class=\"elementor-column elementor-col-50 elementor-top-column elementor-element elementor-element-8e73910\" data-id=\"8e73910\" data-element_type=\"column\" data-e-type=\"column\">\n\t\t\t<div class=\"elementor-widget-wrap elementor-element-populated\">\n\t\t\t\t\t\t<div class=\"elementor-element elementor-element-96bab68 elementor-widget elementor-widget-image\" data-id=\"96bab68\" data-element_type=\"widget\" data-e-type=\"widget\" data-widget_type=\"image.default\">\n\t\t\t\t<div class=\"elementor-widget-container\">\n\t\t\t\t\t\t\t\t\t\t\t\t\t\t\t<img fetchpriority=\"high\" decoding=\"async\" width=\"300\" height=\"200\" src=\"https:\/\/hveravellir.is\/wp-content\/uploads\/2022\/01\/5P1A0369-300x200-1.jpg\" class=\"attachment-large size-large wp-image-1154\" alt=\"\" \/>\t\t\t\t\t\t\t\t\t\t\t\t\t\t\t<\/div>\n\t\t\t\t<\/div>\n\t\t\t\t\t<\/div>\n\t\t<\/div>\n\t\t\t\t\t<\/div>\n\t\t<\/section>\n\t\t\t\t<section class=\"elementor-section elementor-top-section elementor-element elementor-element-3e551ae elementor-section-boxed elementor-section-height-default elementor-section-height-default\" data-id=\"3e551ae\" data-element_type=\"section\" data-e-type=\"section\">\n\t\t\t\t\t\t<div class=\"elementor-container elementor-column-gap-default\">\n\t\t\t\t\t<div class=\"elementor-column elementor-col-100 elementor-top-column elementor-element elementor-element-69b20e6\" data-id=\"69b20e6\" data-element_type=\"column\" data-e-type=\"column\">\n\t\t\t<div class=\"elementor-widget-wrap elementor-element-populated\">\n\t\t\t\t\t\t<div class=\"elementor-element elementor-element-5ab6156 elementor-widget elementor-widget-spacer\" data-id=\"5ab6156\" data-element_type=\"widget\" data-e-type=\"widget\" data-widget_type=\"spacer.default\">\n\t\t\t\t<div class=\"elementor-widget-container\">\n\t\t\t\t\t\t\t<div class=\"elementor-spacer\">\n\t\t\t<div class=\"elementor-spacer-inner\"><\/div>\n\t\t<\/div>\n\t\t\t\t\t\t<\/div>\n\t\t\t\t<\/div>\n\t\t\t\t\t<\/div>\n\t\t<\/div>\n\t\t\t\t\t<\/div>\n\t\t<\/section>\n\t\t\t\t<\/div>\n\t\t","protected":false},"excerpt":{"rendered":"<p>\u00dej\u00f3nustumi\u00f0st\u00f6\u00f0 fyrir Hveravelli er sta\u00f0sett \u00ed N\u00fdja Sk\u00e1la. \u00dear getur \u00fe\u00fa n\u00e1lgast allar uppl\u00fdsingar um sv\u00e6\u00f0i\u00f0. Einnig er \u00fear a\u00f0 finna hl\u00fdlegan Veitingasta\u00f0 \/ Bar \/ Internet kaffih\u00fas. Morgunver\u00f0ur er \u00fear \u00ed bo\u00f0i fr\u00e1 klukkan 8:00 til 10:00 yfir sumart\u00edmann en yfir vetrart\u00edmann meira bara \u00e1 \u00feeim t\u00edma sem hentar \u00fe\u00e9r. Fr\u00e1 10:00 til klukkan [&hellip;]<\/p>\n","protected":false},"author":1,"featured_media":0,"parent":0,"menu_order":0,"comment_status":"closed","ping_status":"closed","template":"","meta":{"footnotes":""},"class_list":["post-1240","page","type-page","status-publish","hentry"],"blocksy_meta":{"styles_descriptor":{"styles":{"desktop":"","tablet":"","mobile":""},"google_fonts":[],"version":6}},"_links":{"self":[{"href":"https:\/\/hveravellir.is\/is\/wp-json\/wp\/v2\/pages\/1240","targetHints":{"allow":["GET"]}}],"collection":[{"href":"https:\/\/hveravellir.is\/is\/wp-json\/wp\/v2\/pages"}],"about":[{"href":"https:\/\/hveravellir.is\/is\/wp-json\/wp\/v2\/types\/page"}],"author":[{"embeddable":true,"href":"https:\/\/hveravellir.is\/is\/wp-json\/wp\/v2\/users\/1"}],"replies":[{"embeddable":true,"href":"https:\/\/hveravellir.is\/is\/wp-json\/wp\/v2\/comments?post=1240"}],"version-history":[{"count":15,"href":"https:\/\/hveravellir.is\/is\/wp-json\/wp\/v2\/pages\/1240\/revisions"}],"predecessor-version":[{"id":2831,"href":"https:\/\/hveravellir.is\/is\/wp-json\/wp\/v2\/pages\/1240\/revisions\/2831"}],"wp:attachment":[{"href":"https:\/\/hveravellir.is\/is\/wp-json\/wp\/v2\/media?parent=1240"}],"curies":[{"name":"wp","href":"https:\/\/api.w.org\/{rel}","templated":true}]}}