{"id":1224,"date":"2022-01-10T14:05:50","date_gmt":"2022-01-10T14:05:50","guid":{"rendered":"https:\/\/hveravellir.is\/leidirnar-til-okkar\/"},"modified":"2024-05-06T12:35:10","modified_gmt":"2024-05-06T12:35:10","slug":"leidirnar-til-okkar","status":"publish","type":"page","link":"https:\/\/hveravellir.is\/is\/leidirnar-til-okkar\/","title":{"rendered":"LEI\u00d0IRNAR TIL OKKAR"},"content":{"rendered":"\t\t<div data-elementor-type=\"wp-page\" data-elementor-id=\"1224\" class=\"elementor elementor-1224 elementor-383\" data-elementor-post-type=\"page\">\n\t\t\t\t\t\t<section class=\"elementor-section elementor-top-section elementor-element elementor-element-0b53462 elementor-section-boxed elementor-section-height-default elementor-section-height-default\" data-id=\"0b53462\" data-element_type=\"section\" data-e-type=\"section\">\n\t\t\t\t\t\t<div class=\"elementor-container elementor-column-gap-default\">\n\t\t\t\t\t<div class=\"elementor-column elementor-col-100 elementor-top-column elementor-element elementor-element-1420cd8\" data-id=\"1420cd8\" data-element_type=\"column\" data-e-type=\"column\">\n\t\t\t<div class=\"elementor-widget-wrap elementor-element-populated\">\n\t\t\t\t\t\t<div class=\"elementor-element elementor-element-60cad3b elementor-widget elementor-widget-spacer\" data-id=\"60cad3b\" data-element_type=\"widget\" data-e-type=\"widget\" data-widget_type=\"spacer.default\">\n\t\t\t\t<div class=\"elementor-widget-container\">\n\t\t\t\t\t\t\t<div class=\"elementor-spacer\">\n\t\t\t<div class=\"elementor-spacer-inner\"><\/div>\n\t\t<\/div>\n\t\t\t\t\t\t<\/div>\n\t\t\t\t<\/div>\n\t\t\t\t<div class=\"elementor-element elementor-element-824be2e elementor-widget elementor-widget-heading\" data-id=\"824be2e\" data-element_type=\"widget\" data-e-type=\"widget\" data-widget_type=\"heading.default\">\n\t\t\t\t<div class=\"elementor-widget-container\">\n\t\t\t\t\t<h2 class=\"elementor-heading-title elementor-size-default\">Sta\u00f0setningin<\/h2>\t\t\t\t<\/div>\n\t\t\t\t<\/div>\n\t\t\t\t<div class=\"elementor-element elementor-element-982e943 elementor-widget elementor-widget-text-editor\" data-id=\"982e943\" data-element_type=\"widget\" data-e-type=\"widget\" data-widget_type=\"text-editor.default\">\n\t\t\t\t<div class=\"elementor-widget-container\">\n\t\t\t\t\t\t\t\t\t<p>Hveravellir standa vi\u00f0 Kjalveg (F35) um 200 k\u00edl\u00f3metra langur fjallvegur sem liggur milli Gullfoss \u00ed su\u00f0ri ni\u00f0ur \u00ed Bl\u00f6ndudal \u00ed nor\u00f0ri. Hveravellir eru um mi\u00f0ja vegu og er einnig jafn langt fr\u00e1 Hverav\u00f6llum hvort sem halda skal til h\u00f6fusta\u00f0s nor\u00f0urs e\u00f0a su\u00f0urs. Akureyri og Reykjav\u00edk eru b\u00e1\u00f0ar \u00ed u.\u00fe.b. 200 k\u00edl\u00f3metra fjarl\u00e6g\u00f0. <\/p>\n\t\t\t\t\t\t\t\t<\/div>\n\t\t\t\t<\/div>\n\t\t\t\t<div class=\"elementor-element elementor-element-dc3c2b7 elementor-widget elementor-widget-google_maps\" data-id=\"dc3c2b7\" data-element_type=\"widget\" data-e-type=\"widget\" data-widget_type=\"google_maps.default\">\n\t\t\t\t<div class=\"elementor-widget-container\">\n\t\t\t\t\t\t\t<div class=\"elementor-custom-embed\">\n\t\t\t<iframe loading=\"lazy\"\n\t\t\t\t\tsrc=\"https:\/\/maps.google.com\/maps?q=hveravellir&#038;t=m&#038;z=10&#038;output=embed&#038;iwloc=near\"\n\t\t\t\t\ttitle=\"hveravellir\"\n\t\t\t\t\taria-label=\"hveravellir\"\n\t\t\t><\/iframe>\n\t\t<\/div>\n\t\t\t\t\t\t<\/div>\n\t\t\t\t<\/div>\n\t\t\t\t<div class=\"elementor-element elementor-element-7e7c562 elementor-widget elementor-widget-spacer\" data-id=\"7e7c562\" data-element_type=\"widget\" data-e-type=\"widget\" data-widget_type=\"spacer.default\">\n\t\t\t\t<div class=\"elementor-widget-container\">\n\t\t\t\t\t\t\t<div class=\"elementor-spacer\">\n\t\t\t<div class=\"elementor-spacer-inner\"><\/div>\n\t\t<\/div>\n\t\t\t\t\t\t<\/div>\n\t\t\t\t<\/div>\n\t\t\t\t<div class=\"elementor-element elementor-element-efed0a3 elementor-widget elementor-widget-heading\" data-id=\"efed0a3\" data-element_type=\"widget\" data-e-type=\"widget\" data-widget_type=\"heading.default\">\n\t\t\t\t<div class=\"elementor-widget-container\">\n\t\t\t\t\t<h2 class=\"elementor-heading-title elementor-size-default\">\u00c1 eigin vegum<\/h2>\t\t\t\t<\/div>\n\t\t\t\t<\/div>\n\t\t\t\t<div class=\"elementor-element elementor-element-a832c47 elementor-widget elementor-widget-text-editor\" data-id=\"a832c47\" data-element_type=\"widget\" data-e-type=\"widget\" data-widget_type=\"text-editor.default\">\n\t\t\t\t<div class=\"elementor-widget-container\">\n\t\t\t\t\t\t\t\t\t<p>Kjalvegur er opinn flestum b\u00edlum yfir sumarm\u00e1nu\u00f0ina. Au\u00f0vita\u00f0 eru fj\u00f3rhj\u00f3ladrifnir b\u00edlar bestir \u00ed lei\u00f0angurinn \u00fear sem lei\u00f0in er a\u00f0 mestu gamall malarvegur. \u00dea\u00f0 eru \u00fe\u00f3 engar torf\u00e6rur \u00e1 lei\u00f0inni \u00feannig a\u00f0 ef varlega er fari\u00f0 kemst hva\u00f0a b\u00edll sem er \u00feessa lei\u00f0. \u00dea\u00f0 er ekki eldsneytissala \u00e1 Hverav\u00f6llum og \u00feannig vill til a\u00f0 sama vegalengd er \u00ed allar n\u00e6rliggjandi bens\u00ednst\u00f6\u00f0var e\u00f0a 110 km. \u00dea\u00f0 eru Gullfoss, Bl\u00f6ndu\u00f3s e\u00f0a Varmahl\u00ed\u00f0. Best er a\u00f0 fylla tankinn \u00e1\u00f0ur en lagt er \u00e1 fjalli\u00f0.   <\/p>\n\t\t\t\t\t\t\t\t<\/div>\n\t\t\t\t<\/div>\n\t\t\t\t<div class=\"elementor-element elementor-element-cf3c30c elementor-align-left elementor-widget elementor-widget-button\" data-id=\"cf3c30c\" data-element_type=\"widget\" data-e-type=\"widget\" data-widget_type=\"button.default\">\n\t\t\t\t<div class=\"elementor-widget-container\">\n\t\t\t\t\t\t\t\t\t<div class=\"elementor-button-wrapper\">\n\t\t\t\t\t<a class=\"elementor-button elementor-button-link elementor-size-xl\" href=\"https:\/\/www.google.com\/maps\/dir\/Keflav%C3%ADk+International+Airport,+235,+Iceland\/Hveravellir,+Iceland\/@64.4173851,-22.0890475,8z\/data=!3m1!4b1!4m13!4m12!1m5!1m1!1s0x4929fdfce2ab799f:0x27f88d0a15c328cd!2m2!1d-22.623408!2d63.996136!1m5!1m1!1s0x48d3ebf93b256813:0x341fbb98dbd52317!2m2!1d-19.550004!2d64.867246\" target=\"_blank\" rel=\"noopener\">\n\t\t\t\t\t\t<span class=\"elementor-button-content-wrapper\">\n\t\t\t\t\t\t\t\t\t<span class=\"elementor-button-text\"> Lei\u00f0beiningar fr\u00e1 Keflav\u00edkurflugvelli<\/span>\n\t\t\t\t\t<\/span>\n\t\t\t\t\t<\/a>\n\t\t\t\t<\/div>\n\t\t\t\t\t\t\t\t<\/div>\n\t\t\t\t<\/div>\n\t\t\t\t<div class=\"elementor-element elementor-element-9907a16 elementor-widget elementor-widget-spacer\" data-id=\"9907a16\" data-element_type=\"widget\" data-e-type=\"widget\" data-widget_type=\"spacer.default\">\n\t\t\t\t<div class=\"elementor-widget-container\">\n\t\t\t\t\t\t\t<div class=\"elementor-spacer\">\n\t\t\t<div class=\"elementor-spacer-inner\"><\/div>\n\t\t<\/div>\n\t\t\t\t\t\t<\/div>\n\t\t\t\t<\/div>\n\t\t\t\t<div class=\"elementor-element elementor-element-3aa9df4 elementor-widget elementor-widget-heading\" data-id=\"3aa9df4\" data-element_type=\"widget\" data-e-type=\"widget\" data-widget_type=\"heading.default\">\n\t\t\t\t<div class=\"elementor-widget-container\">\n\t\t\t\t\t<h2 class=\"elementor-heading-title elementor-size-default\">Me\u00f0 r\u00fatunni<\/h2>\t\t\t\t<\/div>\n\t\t\t\t<\/div>\n\t\t\t\t<div class=\"elementor-element elementor-element-6ef3834 elementor-widget elementor-widget-text-editor\" data-id=\"6ef3834\" data-element_type=\"widget\" data-e-type=\"widget\" data-widget_type=\"text-editor.default\">\n\t\t\t\t<div class=\"elementor-widget-container\">\n\t\t\t\t\t\t\t\t\t<p><strong>\u00c1\u00e6tlunarfer\u00f0ir um Kjalveg<\/strong><\/p>\n<p>\u00dev\u00ed mi\u00f0ur eru engar \u00e1\u00e6tlanafer\u00f0ir um Kj\u00f6l sem stendur. \u00dea\u00f0 mun vonandi breytast.<\/p>\t\t\t\t\t\t\t\t<\/div>\n\t\t\t\t<\/div>\n\t\t\t\t<div class=\"elementor-element elementor-element-98f17e2 elementor-widget elementor-widget-spacer\" data-id=\"98f17e2\" data-element_type=\"widget\" data-e-type=\"widget\" data-widget_type=\"spacer.default\">\n\t\t\t\t<div class=\"elementor-widget-container\">\n\t\t\t\t\t\t\t<div class=\"elementor-spacer\">\n\t\t\t<div class=\"elementor-spacer-inner\"><\/div>\n\t\t<\/div>\n\t\t\t\t\t\t<\/div>\n\t\t\t\t<\/div>\n\t\t\t\t\t<\/div>\n\t\t<\/div>\n\t\t\t\t\t<\/div>\n\t\t<\/section>\n\t\t\t\t<\/div>\n\t\t","protected":false},"excerpt":{"rendered":"<p>Sta\u00f0setningin Hveravellir standa vi\u00f0 Kjalveg (F35) um 200 k\u00edl\u00f3metra langur fjallvegur sem liggur milli Gullfoss \u00ed su\u00f0ri ni\u00f0ur \u00ed Bl\u00f6ndudal \u00ed nor\u00f0ri. Hveravellir eru um mi\u00f0ja vegu og er einnig jafn langt fr\u00e1 Hverav\u00f6llum hvort sem halda skal til h\u00f6fusta\u00f0s nor\u00f0urs e\u00f0a su\u00f0urs. Akureyri og Reykjav\u00edk eru b\u00e1\u00f0ar \u00ed u.\u00fe.b. 200 k\u00edl\u00f3metra fjarl\u00e6g\u00f0. \u00c1 eigin [&hellip;]<\/p>\n","protected":false},"author":1,"featured_media":0,"parent":0,"menu_order":0,"comment_status":"closed","ping_status":"closed","template":"","meta":{"footnotes":""},"class_list":["post-1224","page","type-page","status-publish","hentry"],"blocksy_meta":{"styles_descriptor":{"styles":{"desktop":"","tablet":"","mobile":""},"google_fonts":[],"version":6}},"_links":{"self":[{"href":"https:\/\/hveravellir.is\/is\/wp-json\/wp\/v2\/pages\/1224","targetHints":{"allow":["GET"]}}],"collection":[{"href":"https:\/\/hveravellir.is\/is\/wp-json\/wp\/v2\/pages"}],"about":[{"href":"https:\/\/hveravellir.is\/is\/wp-json\/wp\/v2\/types\/page"}],"author":[{"embeddable":true,"href":"https:\/\/hveravellir.is\/is\/wp-json\/wp\/v2\/users\/1"}],"replies":[{"embeddable":true,"href":"https:\/\/hveravellir.is\/is\/wp-json\/wp\/v2\/comments?post=1224"}],"version-history":[{"count":30,"href":"https:\/\/hveravellir.is\/is\/wp-json\/wp\/v2\/pages\/1224\/revisions"}],"predecessor-version":[{"id":2520,"href":"https:\/\/hveravellir.is\/is\/wp-json\/wp\/v2\/pages\/1224\/revisions\/2520"}],"wp:attachment":[{"href":"https:\/\/hveravellir.is\/is\/wp-json\/wp\/v2\/media?parent=1224"}],"curies":[{"name":"wp","href":"https:\/\/api.w.org\/{rel}","templated":true}]}}