{"id":1195,"date":"2022-01-10T13:36:14","date_gmt":"2022-01-10T13:36:14","guid":{"rendered":"https:\/\/hveravellir.is\/tjaldsvaedi\/"},"modified":"2026-03-08T15:04:12","modified_gmt":"2026-03-08T15:04:12","slug":"tjaldsvaedi","status":"publish","type":"page","link":"https:\/\/hveravellir.is\/is\/tjaldsvaedi\/","title":{"rendered":"TJALDSV\u00c6\u00d0I"},"content":{"rendered":"\t\t<div data-elementor-type=\"wp-page\" data-elementor-id=\"1195\" class=\"elementor elementor-1195 elementor-460\" data-elementor-post-type=\"page\">\n\t\t\t\t\t\t<section class=\"elementor-section elementor-top-section elementor-element elementor-element-210f3622 elementor-section-content-middle ct-section-stretched elementor-section-boxed elementor-section-height-default elementor-section-height-default\" data-id=\"210f3622\" data-element_type=\"section\" data-e-type=\"section\">\n\t\t\t\t\t\t<div class=\"elementor-container elementor-column-gap-no\">\n\t\t\t\t\t<div class=\"elementor-column elementor-col-50 elementor-top-column elementor-element elementor-element-43819b6d\" data-id=\"43819b6d\" data-element_type=\"column\" data-e-type=\"column\">\n\t\t\t<div class=\"elementor-widget-wrap elementor-element-populated\">\n\t\t\t\t\t\t<div class=\"elementor-element elementor-element-31cd7d87 elementor-widget elementor-widget-heading\" data-id=\"31cd7d87\" data-element_type=\"widget\" data-e-type=\"widget\" data-widget_type=\"heading.default\">\n\t\t\t\t<div class=\"elementor-widget-container\">\n\t\t\t\t\t<h2 class=\"elementor-heading-title elementor-size-default\">Ver\u00f0: Kr 2800 \u00e1 mann n\u00f3ttin<\/h2>\t\t\t\t<\/div>\n\t\t\t\t<\/div>\n\t\t\t\t<div class=\"elementor-element elementor-element-665b26cf elementor-widget elementor-widget-image\" data-id=\"665b26cf\" data-element_type=\"widget\" data-e-type=\"widget\" data-widget_type=\"image.default\">\n\t\t\t\t<div class=\"elementor-widget-container\">\n\t\t\t\t\t\t\t\t\t\t\t\t\t\t\t<img fetchpriority=\"high\" decoding=\"async\" width=\"600\" height=\"300\" src=\"https:\/\/hveravellir.is\/wp-content\/uploads\/2022\/01\/1-600x300-1.jpg\" class=\"attachment-full size-full wp-image-1153\" alt=\"\" srcset=\"https:\/\/hveravellir.is\/wp-content\/uploads\/2022\/01\/1-600x300-1.jpg 600w, https:\/\/hveravellir.is\/wp-content\/uploads\/2022\/01\/1-600x300-1-300x150.jpg 300w\" sizes=\"(max-width: 600px) 100vw, 600px\" \/>\t\t\t\t\t\t\t\t\t\t\t\t\t\t\t<\/div>\n\t\t\t\t<\/div>\n\t\t\t\t\t<\/div>\n\t\t<\/div>\n\t\t\t\t<div class=\"elementor-column elementor-col-50 elementor-top-column elementor-element elementor-element-28aa43df\" data-id=\"28aa43df\" data-element_type=\"column\" data-e-type=\"column\">\n\t\t\t<div class=\"elementor-widget-wrap elementor-element-populated\">\n\t\t\t\t\t\t<div class=\"elementor-element elementor-element-1e0b6ed6 elementor-widget elementor-widget-text-editor\" data-id=\"1e0b6ed6\" data-element_type=\"widget\" data-e-type=\"widget\" data-widget_type=\"text-editor.default\">\n\t\t\t\t<div class=\"elementor-widget-container\">\n\t\t\t\t\t\t\t\t\t<p>Fyrir fersku \u00fativistargy\u00f0jurnar og garpana sem taka tjaldi\u00f0 fram yfir timbri\u00f0 bj\u00f3\u00f0um vi\u00f0 upp \u00e1 r\u00famgott tjaldsv\u00e6\u00f0i \u00ed f\u00f6gru umhverfi r\u00e9tt \u00ed hraunja\u00f0rinum. Salerni og sturtur eru r\u00e9tt vi\u00f0 hendina sem og bor\u00f0 og bekkir \u00e1 v\u00ed\u00f0 og dreif um sv\u00e6\u00f0i\u00f0. Gestir \u00e1 tjaldsv\u00e6\u00f0inu geta l\u00edka hent s\u00e9r \u00ed g\u00f6mlu laugina \u00feegar \u00feeir vilja. Gestir \u00e1 tjaldsv\u00e6\u00f0i eru einnig velkomnir \u00e1 morgunver\u00f0arhla\u00f0bor\u00f0i\u00f0 \u00ed veitingasalnum fyrir Kr 3200 \u00e1 mann.<\/p><p>Fer\u00f0avagnar og h\u00fasb\u00edlar l\u00edka velkomnir.<\/p><p><strong>A\u00f0sta\u00f0a<\/strong><br \/>Sturtur<br \/>Salerni<br \/>Gamla laugin<\/p>\t\t\t\t\t\t\t\t<\/div>\n\t\t\t\t<\/div>\n\t\t\t\t\t<\/div>\n\t\t<\/div>\n\t\t\t\t\t<\/div>\n\t\t<\/section>\n\t\t\t\t<\/div>\n\t\t","protected":false},"excerpt":{"rendered":"<p>Ver\u00f0: Kr 2800 \u00e1 mann n\u00f3ttin Fyrir fersku \u00fativistargy\u00f0jurnar og garpana sem taka tjaldi\u00f0 fram yfir timbri\u00f0 bj\u00f3\u00f0um vi\u00f0 upp \u00e1 r\u00famgott tjaldsv\u00e6\u00f0i \u00ed f\u00f6gru umhverfi r\u00e9tt \u00ed hraunja\u00f0rinum. Salerni og sturtur eru r\u00e9tt vi\u00f0 hendina sem og bor\u00f0 og bekkir \u00e1 v\u00ed\u00f0 og dreif um sv\u00e6\u00f0i\u00f0. Gestir \u00e1 tjaldsv\u00e6\u00f0inu geta l\u00edka hent s\u00e9r \u00ed [&hellip;]<\/p>\n","protected":false},"author":1,"featured_media":0,"parent":0,"menu_order":0,"comment_status":"closed","ping_status":"closed","template":"","meta":{"footnotes":""},"class_list":["post-1195","page","type-page","status-publish","hentry"],"blocksy_meta":{"styles_descriptor":{"styles":{"desktop":"","tablet":"","mobile":""},"google_fonts":[],"version":6}},"_links":{"self":[{"href":"https:\/\/hveravellir.is\/is\/wp-json\/wp\/v2\/pages\/1195","targetHints":{"allow":["GET"]}}],"collection":[{"href":"https:\/\/hveravellir.is\/is\/wp-json\/wp\/v2\/pages"}],"about":[{"href":"https:\/\/hveravellir.is\/is\/wp-json\/wp\/v2\/types\/page"}],"author":[{"embeddable":true,"href":"https:\/\/hveravellir.is\/is\/wp-json\/wp\/v2\/users\/1"}],"replies":[{"embeddable":true,"href":"https:\/\/hveravellir.is\/is\/wp-json\/wp\/v2\/comments?post=1195"}],"version-history":[{"count":32,"href":"https:\/\/hveravellir.is\/is\/wp-json\/wp\/v2\/pages\/1195\/revisions"}],"predecessor-version":[{"id":3072,"href":"https:\/\/hveravellir.is\/is\/wp-json\/wp\/v2\/pages\/1195\/revisions\/3072"}],"wp:attachment":[{"href":"https:\/\/hveravellir.is\/is\/wp-json\/wp\/v2\/media?parent=1195"}],"curies":[{"name":"wp","href":"https:\/\/api.w.org\/{rel}","templated":true}]}}