{"id":1187,"date":"2022-01-10T13:21:39","date_gmt":"2022-01-10T13:21:39","guid":{"rendered":"https:\/\/hveravellir.is\/um-oss\/"},"modified":"2022-01-10T13:21:41","modified_gmt":"2022-01-10T13:21:41","slug":"um-oss","status":"publish","type":"page","link":"https:\/\/hveravellir.is\/is\/um-oss\/","title":{"rendered":"UM OSS"},"content":{"rendered":"\t\t<div data-elementor-type=\"wp-page\" data-elementor-id=\"1187\" class=\"elementor elementor-1187 elementor-360\" data-elementor-post-type=\"page\">\n\t\t\t\t\t\t<section class=\"elementor-section elementor-top-section elementor-element elementor-element-d647db0 ct-section-stretched elementor-section-full_width elementor-section-height-default elementor-section-height-default\" data-id=\"d647db0\" data-element_type=\"section\" data-e-type=\"section\">\n\t\t\t\t\t\t<div class=\"elementor-container elementor-column-gap-default\">\n\t\t\t\t\t<div class=\"elementor-column elementor-col-25 elementor-top-column elementor-element elementor-element-7aceb95\" data-id=\"7aceb95\" data-element_type=\"column\" data-e-type=\"column\">\n\t\t\t<div class=\"elementor-widget-wrap\">\n\t\t\t\t\t\t\t<\/div>\n\t\t<\/div>\n\t\t\t\t<div class=\"elementor-column elementor-col-50 elementor-top-column elementor-element elementor-element-2774e5d\" data-id=\"2774e5d\" data-element_type=\"column\" data-e-type=\"column\">\n\t\t\t<div class=\"elementor-widget-wrap elementor-element-populated\">\n\t\t\t\t\t\t<div class=\"elementor-element elementor-element-aedff50 elementor-widget elementor-widget-spacer\" data-id=\"aedff50\" data-element_type=\"widget\" data-e-type=\"widget\" data-widget_type=\"spacer.default\">\n\t\t\t\t<div class=\"elementor-widget-container\">\n\t\t\t\t\t\t\t<div class=\"elementor-spacer\">\n\t\t\t<div class=\"elementor-spacer-inner\"><\/div>\n\t\t<\/div>\n\t\t\t\t\t\t<\/div>\n\t\t\t\t<\/div>\n\t\t\t\t<div class=\"elementor-element elementor-element-1e6e2b4 elementor-widget elementor-widget-text-editor\" data-id=\"1e6e2b4\" data-element_type=\"widget\" data-e-type=\"widget\" data-widget_type=\"text-editor.default\">\n\t\t\t\t<div class=\"elementor-widget-container\">\n\t\t\t\t\t\t\t\t\t<p>Hveravellir liggja vi\u00f0 Kjalveg hina fornu \u00fej\u00f3\u00f0lei\u00f0 sem styst er milli nor\u00f0urlands og su\u00f0ur. St\u00f3rbroti\u00f0 hverasv\u00e6\u00f0i\u00f0 sem Hveravellir draga nafn sitt af er flokka\u00f0 sem n\u00e1tt\u00faruv\u00e6tti og liggur \u00fea\u00f0 \u00ed nor\u00f0ur ja\u00f0ri hins flennist\u00f3ra Kjalhrauns.<\/p>\n<p>Sta\u00f0setningin mi\u00f0ja vegu milli nor\u00f0urs og su\u00f0urs nokkurnvegin \u00fear sem vatnaskil liggja og k\u00farandi milli st\u00f3ru j\u00f6klanna tveggja Hofsj\u00f6kuls og Langj\u00f6kuls gerir \u00fea\u00f0 a\u00f0 verkum a\u00f0 \u00fats\u00fdni\u00f0 er st\u00f3rbroti\u00f0 jafnt a\u00f0 sumri og vetri. Hveravellir hafa lengi veri\u00f0 einn vins\u00e6lasti vi\u00f0komusta\u00f0urinn \u00e1 h\u00e1lendinu og gildir einu hvort fer\u00f0ast er gangandi, r\u00ed\u00f0andi, akandi e\u00f0a hj\u00f3landi, allir stoppa \u00e1 Hverav\u00f6llum. H\u00e6gt er a\u00f0 finna fj\u00f6lda g\u00f6ngulei\u00f0a og fagra hveri bubbland vatn og \u00f6skrandi gufu e\u00f0a bara stillta k\u00edsilhveri.   <\/p>\n<p>\u00deeir sem eru meira \u00ed afsl\u00f6ppunarhuglei\u00f0ingum hoppa \u00ed g\u00f6mlu laugina e\u00f0a setjast inn og pannta s\u00e9r g\u00f3\u00f0g\u00e6ti henda s\u00e9r inn \u00e1 Interneti\u00f0 og leyfa fjarst\u00f6ddum a\u00f0 nj\u00f3ta me\u00f0 s\u00e9r.  <\/p>\n\t\t\t\t\t\t\t\t<\/div>\n\t\t\t\t<\/div>\n\t\t\t\t<div class=\"elementor-element elementor-element-f88d3eb elementor-widget elementor-widget-google_maps\" data-id=\"f88d3eb\" data-element_type=\"widget\" data-e-type=\"widget\" data-widget_type=\"google_maps.default\">\n\t\t\t\t<div class=\"elementor-widget-container\">\n\t\t\t\t\t\t\t<div class=\"elementor-custom-embed\">\n\t\t\t<iframe loading=\"lazy\"\n\t\t\t\t\tsrc=\"https:\/\/maps.google.com\/maps?q=hveravellir&#038;t=m&#038;z=10&#038;output=embed&#038;iwloc=near\"\n\t\t\t\t\ttitle=\"hveravellir\"\n\t\t\t\t\taria-label=\"hveravellir\"\n\t\t\t><\/iframe>\n\t\t<\/div>\n\t\t\t\t\t\t<\/div>\n\t\t\t\t<\/div>\n\t\t\t\t<div class=\"elementor-element elementor-element-20c82c0 elementor-widget elementor-widget-spacer\" data-id=\"20c82c0\" data-element_type=\"widget\" data-e-type=\"widget\" data-widget_type=\"spacer.default\">\n\t\t\t\t<div class=\"elementor-widget-container\">\n\t\t\t\t\t\t\t<div class=\"elementor-spacer\">\n\t\t\t<div class=\"elementor-spacer-inner\"><\/div>\n\t\t<\/div>\n\t\t\t\t\t\t<\/div>\n\t\t\t\t<\/div>\n\t\t\t\t\t<\/div>\n\t\t<\/div>\n\t\t\t\t<div class=\"elementor-column elementor-col-25 elementor-top-column elementor-element elementor-element-881efd6\" data-id=\"881efd6\" data-element_type=\"column\" data-e-type=\"column\">\n\t\t\t<div class=\"elementor-widget-wrap\">\n\t\t\t\t\t\t\t<\/div>\n\t\t<\/div>\n\t\t\t\t\t<\/div>\n\t\t<\/section>\n\t\t\t\t<\/div>\n\t\t","protected":false},"excerpt":{"rendered":"<p>Hveravellir liggja vi\u00f0 Kjalveg hina fornu \u00fej\u00f3\u00f0lei\u00f0 sem styst er milli nor\u00f0urlands og su\u00f0ur. St\u00f3rbroti\u00f0 hverasv\u00e6\u00f0i\u00f0 sem Hveravellir draga nafn sitt af er flokka\u00f0 sem n\u00e1tt\u00faruv\u00e6tti og liggur \u00fea\u00f0 \u00ed nor\u00f0ur ja\u00f0ri hins flennist\u00f3ra Kjalhrauns. Sta\u00f0setningin mi\u00f0ja vegu milli nor\u00f0urs og su\u00f0urs nokkurnvegin \u00fear sem vatnaskil liggja og k\u00farandi milli st\u00f3ru j\u00f6klanna tveggja Hofsj\u00f6kuls og [&hellip;]<\/p>\n","protected":false},"author":1,"featured_media":0,"parent":0,"menu_order":0,"comment_status":"closed","ping_status":"closed","template":"","meta":{"footnotes":""},"class_list":["post-1187","page","type-page","status-publish","hentry"],"blocksy_meta":{"styles_descriptor":{"styles":{"desktop":"","tablet":"","mobile":""},"google_fonts":[],"version":6}},"_links":{"self":[{"href":"https:\/\/hveravellir.is\/is\/wp-json\/wp\/v2\/pages\/1187","targetHints":{"allow":["GET"]}}],"collection":[{"href":"https:\/\/hveravellir.is\/is\/wp-json\/wp\/v2\/pages"}],"about":[{"href":"https:\/\/hveravellir.is\/is\/wp-json\/wp\/v2\/types\/page"}],"author":[{"embeddable":true,"href":"https:\/\/hveravellir.is\/is\/wp-json\/wp\/v2\/users\/1"}],"replies":[{"embeddable":true,"href":"https:\/\/hveravellir.is\/is\/wp-json\/wp\/v2\/comments?post=1187"}],"version-history":[{"count":3,"href":"https:\/\/hveravellir.is\/is\/wp-json\/wp\/v2\/pages\/1187\/revisions"}],"predecessor-version":[{"id":1190,"href":"https:\/\/hveravellir.is\/is\/wp-json\/wp\/v2\/pages\/1187\/revisions\/1190"}],"wp:attachment":[{"href":"https:\/\/hveravellir.is\/is\/wp-json\/wp\/v2\/media?parent=1187"}],"curies":[{"name":"wp","href":"https:\/\/api.w.org\/{rel}","templated":true}]}}